{"id":3094,"date":"2019-08-09T15:05:47","date_gmt":"2019-08-09T15:05:47","guid":{"rendered":"https:\/\/proteo.yithemes.com\/classic-shop\/?page_id=3094"},"modified":"2025-01-07T17:57:28","modified_gmt":"2025-01-07T17:57:28","slug":"contatti","status":"publish","type":"page","link":"https:\/\/www.spaziolunatici.art\/en\/contatti\/","title":{"rendered":"Contatti"},"content":{"rendered":"\t\t<div data-elementor-type=\"wp-page\" data-elementor-id=\"3094\" class=\"elementor elementor-3094\" data-elementor-post-type=\"page\">\n\t\t\t\t\t\t<section class=\"elementor-section elementor-top-section elementor-element elementor-element-6ba5f853 elementor-section-boxed elementor-section-height-default elementor-section-height-default\" data-id=\"6ba5f853\" data-element_type=\"section\" data-e-type=\"section\">\n\t\t\t\t\t\t<div class=\"elementor-container elementor-column-gap-default\">\n\t\t\t\t\t<div class=\"elementor-column elementor-col-100 elementor-top-column elementor-element elementor-element-29d862ba\" data-id=\"29d862ba\" data-element_type=\"column\" data-e-type=\"column\">\n\t\t\t<div class=\"elementor-widget-wrap elementor-element-populated\">\n\t\t\t\t\t\t<div class=\"elementor-element elementor-element-c1fe558 elementor-widget elementor-widget-heading\" data-id=\"c1fe558\" data-element_type=\"widget\" data-e-type=\"widget\" data-widget_type=\"heading.default\">\n\t\t\t\t<div class=\"elementor-widget-container\">\n\t\t\t\t\t<h2 class=\"elementor-heading-title elementor-size-default\">CONTATTI &amp; INFO<\/h2>\t\t\t\t<\/div>\n\t\t\t\t<\/div>\n\t\t\t\t<section class=\"elementor-section elementor-inner-section elementor-element elementor-element-4d21ea6 elementor-section-boxed elementor-section-height-default elementor-section-height-default\" data-id=\"4d21ea6\" data-element_type=\"section\" data-e-type=\"section\">\n\t\t\t\t\t\t<div class=\"elementor-container elementor-column-gap-default\">\n\t\t\t\t\t<div class=\"elementor-column elementor-col-50 elementor-inner-column elementor-element elementor-element-28e815b\" data-id=\"28e815b\" data-element_type=\"column\" data-e-type=\"column\">\n\t\t\t<div class=\"elementor-widget-wrap elementor-element-populated\">\n\t\t\t\t\t\t<div class=\"elementor-element elementor-element-62ef3b1c elementor-widget elementor-widget-text-editor\" data-id=\"62ef3b1c\" data-element_type=\"widget\" data-e-type=\"widget\" data-widget_type=\"text-editor.default\">\n\t\t\t\t<div class=\"elementor-widget-container\">\n\t\t\t\t\t\t\t\t\t<p>Vuoi <strong>prendere un appuntamento<\/strong> per visitare il mio studio o solo <strong>chiedere informazioni<\/strong>? <br \/>Scrivimi una mail o telefonami\u00a0 [dopo le 15:00, perch\u00e9 la mattina insegno]. <br \/>oppure\u00a0 COMPILA IL FORM QUI SOTTO: ti risponder\u00f2 al pi\u00f9 presto!<\/p>\n<p><\/p>\n<div class=\"wp-block-spacer\" style=\"height: 100px;\" aria-hidden=\"true\"><strong>STUDIO:<\/strong> via Marchesi Luigi e Salvatore 26\/B, 43126, Parma<strong><br \/>EMAIL<\/strong> gerardo.lunatici@gmail.com<br \/><strong>CELL <\/strong>+39 328 9140029 (dopo le 15:00)<\/div>\n<p><\/p>\n<div class=\"wp-block-group animate-fade\"><div class=\"wp-block-group__inner-container is-layout-flow wp-block-group-is-layout-flow\">\u00a0<\/div><\/div>\n<p><\/p>\t\t\t\t\t\t\t\t<\/div>\n\t\t\t\t<\/div>\n\t\t\t\t\t<\/div>\n\t\t<\/div>\n\t\t\t\t<div class=\"elementor-column elementor-col-50 elementor-inner-column elementor-element elementor-element-7a12a43\" data-id=\"7a12a43\" data-element_type=\"column\" data-e-type=\"column\">\n\t\t\t<div class=\"elementor-widget-wrap elementor-element-populated\">\n\t\t\t\t\t\t<div class=\"elementor-element elementor-element-9424342 elementor-widget elementor-widget-image\" data-id=\"9424342\" data-element_type=\"widget\" data-e-type=\"widget\" data-widget_type=\"image.default\">\n\t\t\t\t<div class=\"elementor-widget-container\">\n\t\t\t\t\t\t\t\t\t\t\t\t\t\t\t<img data-opt-id=1146463429  fetchpriority=\"high\" decoding=\"async\" width=\"1024\" height=\"1024\" src=\"https:\/\/ml2durraw9il.i.optimole.com\/w:1024\/h:1024\/q:mauto\/ig:avif\/https:\/\/www.spaziolunatici.art\/wp-content\/uploads\/2025\/01\/QRCODE.png\" class=\"attachment-large size-large wp-image-12782\" alt=\"\" srcset=\"https:\/\/ml2durraw9il.i.optimole.com\/w:1024\/h:1024\/q:mauto\/ig:avif\/https:\/\/www.spaziolunatici.art\/wp-content\/uploads\/2025\/01\/QRCODE.png 1024w, https:\/\/ml2durraw9il.i.optimole.com\/w:300\/h:300\/q:mauto\/ig:avif\/https:\/\/www.spaziolunatici.art\/wp-content\/uploads\/2025\/01\/QRCODE.png 300w, https:\/\/ml2durraw9il.i.optimole.com\/w:150\/h:150\/q:mauto\/ig:avif\/https:\/\/www.spaziolunatici.art\/wp-content\/uploads\/2025\/01\/QRCODE.png 150w, https:\/\/ml2durraw9il.i.optimole.com\/w:768\/h:768\/q:mauto\/ig:avif\/https:\/\/www.spaziolunatici.art\/wp-content\/uploads\/2025\/01\/QRCODE.png 768w, https:\/\/ml2durraw9il.i.optimole.com\/w:12\/h:12\/q:mauto\/ig:avif\/dpr:2\/https:\/\/www.spaziolunatici.art\/wp-content\/uploads\/2025\/01\/QRCODE.png 12w, https:\/\/ml2durraw9il.i.optimole.com\/w:64\/h:64\/q:mauto\/ig:avif\/dpr:2\/https:\/\/www.spaziolunatici.art\/wp-content\/uploads\/2025\/01\/QRCODE.png 64w, https:\/\/ml2durraw9il.i.optimole.com\/w:362\/h:362\/q:mauto\/ig:avif\/https:\/\/www.spaziolunatici.art\/wp-content\/uploads\/2025\/01\/QRCODE.png 362w, https:\/\/ml2durraw9il.i.optimole.com\/w:812\/h:812\/q:mauto\/ig:avif\/https:\/\/www.spaziolunatici.art\/wp-content\/uploads\/2025\/01\/QRCODE.png 812w\" sizes=\"(max-width: 1024px) 100vw, 1024px\" \/>\t\t\t\t\t\t\t\t\t\t\t\t\t\t\t<\/div>\n\t\t\t\t<\/div>\n\t\t\t\t\t<\/div>\n\t\t<\/div>\n\t\t\t\t\t<\/div>\n\t\t<\/section>\n\t\t\t\t<div class=\"elementor-element elementor-element-66c8c0c elementor-widget elementor-widget-spacer\" data-id=\"66c8c0c\" data-element_type=\"widget\" data-e-type=\"widget\" data-widget_type=\"spacer.default\">\n\t\t\t\t<div class=\"elementor-widget-container\">\n\t\t\t\t\t\t\t<div class=\"elementor-spacer\">\n\t\t\t<div class=\"elementor-spacer-inner\"><\/div>\n\t\t<\/div>\n\t\t\t\t\t\t<\/div>\n\t\t\t\t<\/div>\n\t\t\t\t<div class=\"elementor-element elementor-element-b4bbd24 elementor-button-align-stretch elementor-widget elementor-widget-form\" data-id=\"b4bbd24\" data-element_type=\"widget\" data-e-type=\"widget\" data-settings=\"{&quot;step_next_label&quot;:&quot;Successivo&quot;,&quot;step_previous_label&quot;:&quot;Precedente&quot;,&quot;button_width&quot;:&quot;100&quot;,&quot;step_type&quot;:&quot;number_text&quot;,&quot;step_icon_shape&quot;:&quot;circle&quot;}\" data-widget_type=\"form.default\">\n\t\t\t\t<div class=\"elementor-widget-container\">\n\t\t\t\t\t\t\t<form class=\"elementor-form\" method=\"post\" name=\"Nuovo modulo\" aria-label=\"Nuovo modulo\">\n\t\t\t<input type=\"hidden\" name=\"post_id\" value=\"3094\"\/>\n\t\t\t<input type=\"hidden\" name=\"form_id\" value=\"b4bbd24\"\/>\n\t\t\t<input type=\"hidden\" name=\"referer_title\" value=\"Contatti | Spazio LUNATICI\" \/>\n\n\t\t\t\t\t\t\t<input type=\"hidden\" name=\"queried_id\" value=\"3094\"\/>\n\t\t\t\n\t\t\t<div class=\"elementor-form-fields-wrapper elementor-labels-above\">\n\t\t\t\t\t\t\t\t<div class=\"elementor-field-type-text elementor-field-group elementor-column elementor-field-group-name elementor-col-100 elementor-field-required\">\n\t\t\t\t\t\t\t\t\t\t\t\t<label for=\"form-field-name\" class=\"elementor-field-label\">\n\t\t\t\t\t\t\t\tNome\t\t\t\t\t\t\t<\/label>\n\t\t\t\t\t\t\t\t\t\t\t\t\t\t<input size=\"1\" type=\"text\" name=\"form_fields[name]\" id=\"form-field-name\" class=\"elementor-field elementor-size-lg  elementor-field-textual\" required=\"required\">\n\t\t\t\t\t\t\t\t\t\t\t<\/div>\n\t\t\t\t\t\t\t\t<div class=\"elementor-field-type-email elementor-field-group elementor-column elementor-field-group-email elementor-col-100 elementor-field-required\">\n\t\t\t\t\t\t\t\t\t\t\t\t<label for=\"form-field-email\" class=\"elementor-field-label\">\n\t\t\t\t\t\t\t\tEmail\t\t\t\t\t\t\t<\/label>\n\t\t\t\t\t\t\t\t\t\t\t\t\t\t<input size=\"1\" type=\"email\" name=\"form_fields[email]\" id=\"form-field-email\" class=\"elementor-field elementor-size-lg  elementor-field-textual\" required=\"required\">\n\t\t\t\t\t\t\t\t\t\t\t<\/div>\n\t\t\t\t\t\t\t\t<div class=\"elementor-field-type-textarea elementor-field-group elementor-column elementor-field-group-message elementor-col-100 elementor-field-required\">\n\t\t\t\t\t\t\t\t\t\t\t\t<label for=\"form-field-message\" class=\"elementor-field-label\">\n\t\t\t\t\t\t\t\tMessaggio\t\t\t\t\t\t\t<\/label>\n\t\t\t\t\t\t<textarea class=\"elementor-field-textual elementor-field  elementor-size-lg\" name=\"form_fields[message]\" id=\"form-field-message\" rows=\"4\" required=\"required\"><\/textarea>\t\t\t\t<\/div>\n\t\t\t\t\t\t\t\t<div class=\"elementor-field-type-acceptance elementor-field-group elementor-column elementor-field-group-field_3e6031a elementor-col-100 elementor-field-required\">\n\t\t\t\t\t\t\t\t\t\t\t\t<label for=\"form-field-field_3e6031a\" class=\"elementor-field-label\">\n\t\t\t\t\t\t\t\tAcconsento al trattamento dei dati\t\t\t\t\t\t\t<\/label>\n\t\t\t\t\t\t\t\t<div class=\"elementor-field-subgroup\">\n\t\t\t<span class=\"elementor-field-option\">\n\t\t\t\t<input type=\"checkbox\" name=\"form_fields[field_3e6031a]\" id=\"form-field-field_3e6031a\" class=\"elementor-field elementor-size-lg  elementor-acceptance-field\" required=\"required\">\n\t\t\t\t\t\t\t<\/span>\n\t\t<\/div>\n\t\t\t\t\t\t<\/div>\n\t\t\t\t\t\t\t\t<div class=\"elementor-field-group elementor-column elementor-field-type-submit elementor-col-100 e-form__buttons\">\n\t\t\t\t\t<button class=\"elementor-button elementor-size-lg\" type=\"submit\">\n\t\t\t\t\t\t<span class=\"elementor-button-content-wrapper\">\n\t\t\t\t\t\t\t\t\t\t\t\t\t\t\t\t\t\t\t\t\t\t<span class=\"elementor-button-text\">INVIA LA TUA RICHIESTA<\/span>\n\t\t\t\t\t\t\t\t\t\t\t\t\t<\/span>\n\t\t\t\t\t<\/button>\n\t\t\t\t<\/div>\n\t\t\t<\/div>\n\t\t<\/form>\n\t\t\t\t\t\t<\/div>\n\t\t\t\t<\/div>\n\t\t\t\t\t<\/div>\n\t\t<\/div>\n\t\t\t\t\t<\/div>\n\t\t<\/section>\n\t\t\t\t<section class=\"elementor-section elementor-top-section elementor-element elementor-element-6322b32 elementor-section-boxed elementor-section-height-default elementor-section-height-default\" data-id=\"6322b32\" data-element_type=\"section\" data-e-type=\"section\">\n\t\t\t\t\t\t<div class=\"elementor-container elementor-column-gap-default\">\n\t\t\t\t\t<div class=\"elementor-column elementor-col-100 elementor-top-column elementor-element elementor-element-c792123\" data-id=\"c792123\" data-element_type=\"column\" data-e-type=\"column\">\n\t\t\t<div class=\"elementor-widget-wrap elementor-element-populated\">\n\t\t\t\t\t\t<div class=\"elementor-element elementor-element-cfb2716 elementor-widget elementor-widget-text-editor\" data-id=\"cfb2716\" data-element_type=\"widget\" data-e-type=\"widget\" data-widget_type=\"text-editor.default\">\n\t\t\t\t<div class=\"elementor-widget-container\">\n\t\t\t\t\t\t\t\t\t<h6><strong>Informativa, ai sensi dell\u2019art. 13 del GDPR, per l\u2019invio del form di contatto.<\/strong><br \/>I dati conferiti con la compilazione della mail inviata saranno oggetto di trattamento informatizzato ed eventualmente cartaceo. I Suoi dati saranno utilizzati esclusivamente per dare risposta alle Sue specifiche richieste, non saranno comunicati n\u00e9 diffusi a soggetti terzi. Il conferimento dei dati \u00e8 obbligatorio per i campi in cui \u00e8 presente un asterisco (*); in caso di mancata compilazione di detti campi, non sar\u00e0 possibile inviare la richiesta e quindi fornirLe una risposta. Titolare del trattamento \u00e8 Natalia Robusti. In qualsiasi momento Lei ha diritto di richiedere al Titolare l\u2019accesso ai Suoi dati, nonch\u00e9 la rettifica o la cancellazione degli stessi. Le verr\u00e0 fornito riscontro entro 30 giorni in forma scritta (salvo Sua specifica richiesta di riscontro orale), anche con mezzi elettronici. Ha inoltre diritto a richiedere la limitazione del trattamento ovvero di opporsi allo stesso. In qualsiasi momento potr\u00e0 inoltre revocare il consenso prestato attraverso la presente informativa. Per revocare uno o pi\u00f9 dei consensi prestati sar\u00e0 sufficiente contattare Natalia Robusti all\u2019indirizzo: \u201cnatalia.robusti@gmail.com.com\u201d<\/h6>\t\t\t\t\t\t\t\t<\/div>\n\t\t\t\t<\/div>\n\t\t\t\t\t<\/div>\n\t\t<\/div>\n\t\t\t\t\t<\/div>\n\t\t<\/section>\n\t\t\t\t<section class=\"elementor-section elementor-top-section elementor-element elementor-element-253e4bd elementor-section-boxed elementor-section-height-default elementor-section-height-default\" data-id=\"253e4bd\" data-element_type=\"section\" data-e-type=\"section\">\n\t\t\t\t\t\t<div class=\"elementor-container elementor-column-gap-default\">\n\t\t\t\t\t<div class=\"elementor-column elementor-col-100 elementor-top-column elementor-element elementor-element-31653e1\" data-id=\"31653e1\" data-element_type=\"column\" data-e-type=\"column\">\n\t\t\t<div class=\"elementor-widget-wrap elementor-element-populated\">\n\t\t\t\t\t\t<div class=\"elementor-element elementor-element-fafcb0a elementor-widget elementor-widget-heading\" data-id=\"fafcb0a\" data-element_type=\"widget\" data-e-type=\"widget\" data-widget_type=\"heading.default\">\n\t\t\t\t<div class=\"elementor-widget-container\">\n\t\t\t\t\t<h2 class=\"elementor-heading-title elementor-size-default\">IL MIO STUDIO<\/h2>\t\t\t\t<\/div>\n\t\t\t\t<\/div>\n\t\t\t\t<div class=\"elementor-element elementor-element-236f8b3 elementor-widget elementor-widget-spacer\" data-id=\"236f8b3\" data-element_type=\"widget\" data-e-type=\"widget\" data-widget_type=\"spacer.default\">\n\t\t\t\t<div class=\"elementor-widget-container\">\n\t\t\t\t\t\t\t<div class=\"elementor-spacer\">\n\t\t\t<div class=\"elementor-spacer-inner\"><\/div>\n\t\t<\/div>\n\t\t\t\t\t\t<\/div>\n\t\t\t\t<\/div>\n\t\t\t\t\t<\/div>\n\t\t<\/div>\n\t\t\t\t\t<\/div>\n\t\t<\/section>\n\t\t\t\t<section class=\"elementor-section elementor-top-section elementor-element elementor-element-8a3b7cb elementor-section-boxed elementor-section-height-default elementor-section-height-default\" data-id=\"8a3b7cb\" data-element_type=\"section\" data-e-type=\"section\">\n\t\t\t\t\t\t<div class=\"elementor-container elementor-column-gap-default\">\n\t\t\t\t\t<div class=\"elementor-column elementor-col-100 elementor-top-column elementor-element elementor-element-a58c00e\" data-id=\"a58c00e\" data-element_type=\"column\" data-e-type=\"column\">\n\t\t\t<div class=\"elementor-widget-wrap elementor-element-populated\">\n\t\t\t\t\t\t<div class=\"elementor-element elementor-element-f65606c elementor-widget elementor-widget-image\" data-id=\"f65606c\" data-element_type=\"widget\" data-e-type=\"widget\" data-widget_type=\"image.default\">\n\t\t\t\t<div class=\"elementor-widget-container\">\n\t\t\t\t\t\t\t\t\t\t\t\t\t\t\t<img data-opt-id=1687747983  fetchpriority=\"high\" decoding=\"async\" width=\"622\" height=\"645\" src=\"https:\/\/ml2durraw9il.i.optimole.com\/w:622\/h:645\/q:mauto\/ig:avif\/https:\/\/www.spaziolunatici.art\/wp-content\/uploads\/2024\/01\/dove-sono.gif\" class=\"attachment-large size-large wp-image-8464\" alt=\"\" \/>\t\t\t\t\t\t\t\t\t\t\t\t\t\t\t<\/div>\n\t\t\t\t<\/div>\n\t\t\t\t\t<\/div>\n\t\t<\/div>\n\t\t\t\t\t<\/div>\n\t\t<\/section>\n\t\t\t\t<\/div>\n\t\t","protected":false},"excerpt":{"rendered":"<p>CONTATTI &amp; INFO Vuoi prendere un appuntamento per visitare il mio studio o solo chiedere informazioni? Scrivimi una mail o telefonami\u00a0 [dopo le 15:00, perch\u00e9 la mattina insegno]. oppure\u00a0 COMPILA IL FORM QUI SOTTO: ti risponder\u00f2 al pi\u00f9 presto! \u00a0 Informativa, ai sensi dell\u2019art. 13 del GDPR, per l\u2019invio del form di contatto.I dati conferiti<a class=\"more-link\" href=\"https:\/\/www.spaziolunatici.art\/en\/contatti\/\">Read more  &#10230;<\/a><\/p>\n","protected":false},"author":1,"featured_media":0,"parent":0,"menu_order":0,"comment_status":"closed","ping_status":"closed","template":"","meta":{"inline_featured_image":false,"footnotes":""},"class_list":["post-3094","page","type-page","status-publish","hentry"],"yoast_head":"<!-- This site is optimized with the Yoast SEO plugin v27.3 - https:\/\/yoast.com\/product\/yoast-seo-wordpress\/ -->\n<title>Contatti | Spazio LUNATICI<\/title>\n<meta name=\"description\" content=\"Spazio LUNATICI, via Salvatore Marchesi 26\/B, Parma. Puoi contattare Gerri Lunatici via email, cellulare (solo dopo le 15:00) e tramite form.\" \/>\n<meta name=\"robots\" content=\"index, follow, max-snippet:-1, max-image-preview:large, max-video-preview:-1\" \/>\n<link rel=\"canonical\" href=\"https:\/\/www.spaziolunatici.art\/en\/contatti\/\" \/>\n<meta property=\"og:locale\" content=\"en_US\" \/>\n<meta property=\"og:type\" content=\"article\" \/>\n<meta property=\"og:title\" content=\"Contatti | Spazio Lunatici a Parma\" \/>\n<meta property=\"og:description\" content=\"Spazio LUNATICI, via Salvatore Marchesi 26\/B, Parma. Puoi contattare Gerri Lunatici via email, cellulare (solo dopo le 15:00) e tramite form.\" \/>\n<meta property=\"og:url\" content=\"https:\/\/www.spaziolunatici.art\/en\/contatti\/\" \/>\n<meta property=\"og:site_name\" content=\"Spazio LUNATICI\" \/>\n<meta property=\"article:modified_time\" content=\"2025-01-07T17:57:28+00:00\" \/>\n<meta property=\"og:image\" content=\"https:\/\/ml2durraw9il.i.optimole.com\/w:auto\/h:auto\/q:mauto\/ig:avif\/https:\/\/www.spaziolunatici.art\/wp-content\/uploads\/2024\/01\/ingresso.gif\" \/>\n\t<meta property=\"og:image:width\" content=\"600\" \/>\n\t<meta property=\"og:image:height\" content=\"406\" \/>\n\t<meta property=\"og:image:type\" content=\"image\/gif\" \/>\n<meta name=\"twitter:card\" content=\"summary_large_image\" \/>\n<script type=\"application\/ld+json\" class=\"yoast-schema-graph\">{\"@context\":\"https:\\\/\\\/schema.org\",\"@graph\":[{\"@type\":\"WebPage\",\"@id\":\"https:\\\/\\\/www.spaziolunatici.art\\\/contatti\\\/\",\"url\":\"https:\\\/\\\/www.spaziolunatici.art\\\/contatti\\\/\",\"name\":\"Contatti | Spazio LUNATICI\",\"isPartOf\":{\"@id\":\"https:\\\/\\\/www.spaziolunatici.art\\\/#website\"},\"primaryImageOfPage\":{\"@id\":\"https:\\\/\\\/www.spaziolunatici.art\\\/contatti\\\/#primaryimage\"},\"image\":{\"@id\":\"https:\\\/\\\/www.spaziolunatici.art\\\/contatti\\\/#primaryimage\"},\"thumbnailUrl\":\"https:\\/\\/www.spaziolunatici.art\\/wp-content\\/uploads\\/2025\\/01\\/QRCODE.png\",\"datePublished\":\"2019-08-09T15:05:47+00:00\",\"dateModified\":\"2025-01-07T17:57:28+00:00\",\"description\":\"Spazio LUNATICI, via Salvatore Marchesi 26\\\/B, Parma. Puoi contattare Gerri Lunatici via email, cellulare (solo dopo le 15:00) e tramite form.\",\"breadcrumb\":{\"@id\":\"https:\\\/\\\/www.spaziolunatici.art\\\/contatti\\\/#breadcrumb\"},\"inLanguage\":\"en-US\",\"potentialAction\":[{\"@type\":\"ReadAction\",\"target\":[\"https:\\\/\\\/www.spaziolunatici.art\\\/contatti\\\/\"]}]},{\"@type\":\"ImageObject\",\"inLanguage\":\"en-US\",\"@id\":\"https:\\\/\\\/www.spaziolunatici.art\\\/contatti\\\/#primaryimage\",\"url\":\"https:\\/\\/www.spaziolunatici.art\\/wp-content\\/uploads\\/2025\\/01\\/QRCODE.png\",\"contentUrl\":\"https:\\/\\/www.spaziolunatici.art\\/wp-content\\/uploads\\/2025\\/01\\/QRCODE.png\"},{\"@type\":\"BreadcrumbList\",\"@id\":\"https:\\\/\\\/www.spaziolunatici.art\\\/contatti\\\/#breadcrumb\",\"itemListElement\":[{\"@type\":\"ListItem\",\"position\":1,\"name\":\"Home\",\"item\":\"https:\\\/\\\/www.spaziolunatici.art\\\/\"},{\"@type\":\"ListItem\",\"position\":2,\"name\":\"Contatti\"}]},{\"@type\":\"WebSite\",\"@id\":\"https:\\\/\\\/www.spaziolunatici.art\\\/#website\",\"url\":\"https:\\\/\\\/www.spaziolunatici.art\\\/\",\"name\":\"Spazio LUNATICI\",\"description\":\"Art Working Studio\",\"alternateName\":\"Art Working Studio\",\"potentialAction\":[{\"@type\":\"SearchAction\",\"target\":{\"@type\":\"EntryPoint\",\"urlTemplate\":\"https:\\\/\\\/www.spaziolunatici.art\\\/?s={search_term_string}\"},\"query-input\":{\"@type\":\"PropertyValueSpecification\",\"valueRequired\":true,\"valueName\":\"search_term_string\"}}],\"inLanguage\":\"en-US\"}]}<\/script>\n<!-- \/ Yoast SEO plugin. -->","yoast_head_json":{"title":"Contatti | Spazio LUNATICI","description":"Spazio LUNATICI, via Salvatore Marchesi 26\/B, Parma. Puoi contattare Gerri Lunatici via email, cellulare (solo dopo le 15:00) e tramite form.","robots":{"index":"index","follow":"follow","max-snippet":"max-snippet:-1","max-image-preview":"max-image-preview:large","max-video-preview":"max-video-preview:-1"},"canonical":"https:\/\/www.spaziolunatici.art\/en\/contatti\/","og_locale":"en_US","og_type":"article","og_title":"Contatti | Spazio Lunatici a Parma","og_description":"Spazio LUNATICI, via Salvatore Marchesi 26\/B, Parma. Puoi contattare Gerri Lunatici via email, cellulare (solo dopo le 15:00) e tramite form.","og_url":"https:\/\/www.spaziolunatici.art\/en\/contatti\/","og_site_name":"Spazio LUNATICI","article_modified_time":"2025-01-07T17:57:28+00:00","og_image":[{"width":600,"height":406,"url":"https:\/\/ml2durraw9il.i.optimole.com\/w:auto\/h:auto\/q:mauto\/ig:avif\/https:\/\/www.spaziolunatici.art\/wp-content\/uploads\/2024\/01\/ingresso.gif","type":"image\/gif"}],"twitter_card":"summary_large_image","schema":{"@context":"https:\/\/schema.org","@graph":[{"@type":"WebPage","@id":"https:\/\/www.spaziolunatici.art\/contatti\/","url":"https:\/\/www.spaziolunatici.art\/contatti\/","name":"Contatti | Spazio LUNATICI","isPartOf":{"@id":"https:\/\/www.spaziolunatici.art\/#website"},"primaryImageOfPage":{"@id":"https:\/\/www.spaziolunatici.art\/contatti\/#primaryimage"},"image":{"@id":"https:\/\/www.spaziolunatici.art\/contatti\/#primaryimage"},"thumbnailUrl":"https:\/\/ml2durraw9il.i.optimole.com\/w:auto\/h:auto\/q:mauto\/ig:avif\/https:\/\/www.spaziolunatici.art\/wp-content\/uploads\/2025\/01\/QRCODE.png","datePublished":"2019-08-09T15:05:47+00:00","dateModified":"2025-01-07T17:57:28+00:00","description":"Spazio LUNATICI, via Salvatore Marchesi 26\/B, Parma. Puoi contattare Gerri Lunatici via email, cellulare (solo dopo le 15:00) e tramite form.","breadcrumb":{"@id":"https:\/\/www.spaziolunatici.art\/contatti\/#breadcrumb"},"inLanguage":"en-US","potentialAction":[{"@type":"ReadAction","target":["https:\/\/www.spaziolunatici.art\/contatti\/"]}]},{"@type":"ImageObject","inLanguage":"en-US","@id":"https:\/\/www.spaziolunatici.art\/contatti\/#primaryimage","url":"https:\/\/ml2durraw9il.i.optimole.com\/w:auto\/h:auto\/q:mauto\/ig:avif\/https:\/\/www.spaziolunatici.art\/wp-content\/uploads\/2025\/01\/QRCODE.png","contentUrl":"https:\/\/ml2durraw9il.i.optimole.com\/w:auto\/h:auto\/q:mauto\/ig:avif\/https:\/\/www.spaziolunatici.art\/wp-content\/uploads\/2025\/01\/QRCODE.png"},{"@type":"BreadcrumbList","@id":"https:\/\/www.spaziolunatici.art\/contatti\/#breadcrumb","itemListElement":[{"@type":"ListItem","position":1,"name":"Home","item":"https:\/\/www.spaziolunatici.art\/"},{"@type":"ListItem","position":2,"name":"Contatti"}]},{"@type":"WebSite","@id":"https:\/\/www.spaziolunatici.art\/#website","url":"https:\/\/www.spaziolunatici.art\/","name":"Spazio LUNATICI","description":"Art Working Studio","alternateName":"Art Working Studio","potentialAction":[{"@type":"SearchAction","target":{"@type":"EntryPoint","urlTemplate":"https:\/\/www.spaziolunatici.art\/?s={search_term_string}"},"query-input":{"@type":"PropertyValueSpecification","valueRequired":true,"valueName":"search_term_string"}}],"inLanguage":"en-US"}]}},"_links":{"self":[{"href":"https:\/\/www.spaziolunatici.art\/en\/wp-json\/wp\/v2\/pages\/3094","targetHints":{"allow":["GET"]}}],"collection":[{"href":"https:\/\/www.spaziolunatici.art\/en\/wp-json\/wp\/v2\/pages"}],"about":[{"href":"https:\/\/www.spaziolunatici.art\/en\/wp-json\/wp\/v2\/types\/page"}],"author":[{"embeddable":true,"href":"https:\/\/www.spaziolunatici.art\/en\/wp-json\/wp\/v2\/users\/1"}],"replies":[{"embeddable":true,"href":"https:\/\/www.spaziolunatici.art\/en\/wp-json\/wp\/v2\/comments?post=3094"}],"version-history":[{"count":57,"href":"https:\/\/www.spaziolunatici.art\/en\/wp-json\/wp\/v2\/pages\/3094\/revisions"}],"predecessor-version":[{"id":12785,"href":"https:\/\/www.spaziolunatici.art\/en\/wp-json\/wp\/v2\/pages\/3094\/revisions\/12785"}],"wp:attachment":[{"href":"https:\/\/www.spaziolunatici.art\/en\/wp-json\/wp\/v2\/media?parent=3094"}],"curies":[{"name":"wp","href":"https:\/\/api.w.org\/{rel}","templated":true}]}}