{"id":8141,"date":"2024-01-24T15:25:42","date_gmt":"2024-01-24T15:25:42","guid":{"rendered":"https:\/\/www.spaziolunatici.art\/?page_id=8141"},"modified":"2024-03-10T16:09:23","modified_gmt":"2024-03-10T16:09:23","slug":"humans","status":"publish","type":"page","link":"https:\/\/www.spaziolunatici.art\/en\/humans\/","title":{"rendered":"Humans"},"content":{"rendered":"\t\t<div data-elementor-type=\"wp-page\" data-elementor-id=\"8141\" class=\"elementor elementor-8141\" data-elementor-post-type=\"page\">\n\t\t\t\t\t\t<section class=\"elementor-section elementor-top-section elementor-element elementor-element-52ab786 elementor-section-boxed elementor-section-height-default elementor-section-height-default elementor-invisible\" data-id=\"52ab786\" data-element_type=\"section\" data-e-type=\"section\" data-settings=\"{&quot;animation&quot;:&quot;zoomIn&quot;}\">\n\t\t\t\t\t\t<div class=\"elementor-container elementor-column-gap-default\">\n\t\t\t\t\t<div class=\"elementor-column elementor-col-100 elementor-top-column elementor-element elementor-element-e79e55e\" data-id=\"e79e55e\" data-element_type=\"column\" data-e-type=\"column\">\n\t\t\t<div class=\"elementor-widget-wrap elementor-element-populated\">\n\t\t\t\t\t\t<div class=\"elementor-element elementor-element-13d4ab9 elementor-widget elementor-widget-heading\" data-id=\"13d4ab9\" data-element_type=\"widget\" data-e-type=\"widget\" data-widget_type=\"heading.default\">\n\t\t\t\t<div class=\"elementor-widget-container\">\n\t\t\t\t\t<h2 class=\"elementor-heading-title elementor-size-default\">HUMANS<\/h2>\t\t\t\t<\/div>\n\t\t\t\t<\/div>\n\t\t\t\t<div class=\"elementor-element elementor-element-0ac8bc3 elementor-widget elementor-widget-text-editor\" data-id=\"0ac8bc3\" data-element_type=\"widget\" data-e-type=\"widget\" data-widget_type=\"text-editor.default\">\n\t\t\t\t<div class=\"elementor-widget-container\">\n\t\t\t\t\t\t\t\t\t<blockquote><p><em>&#8220;Nessun uomo \u00e8 un &#8216;isola&#8221;<\/em>, recita un famoso verso del poeta inglese John Donne. Significa che la vita del singolo \u00e8 collegata a quella del resto dell&#8217;umanit\u00e0, nel bene e nel male. In questi quadri realizzo il mio senso di appartenenza al genere umano, alla specie, terribile e meravigliosa, dell&#8217;homo sapiens.<\/p><\/blockquote>\t\t\t\t\t\t\t\t<\/div>\n\t\t\t\t<\/div>\n\t\t\t\t\t<\/div>\n\t\t<\/div>\n\t\t\t\t\t<\/div>\n\t\t<\/section>\n\t\t\t\t<section class=\"elementor-section elementor-top-section elementor-element elementor-element-9fa2a5e elementor-section-boxed elementor-section-height-default elementor-section-height-default elementor-invisible\" data-id=\"9fa2a5e\" data-element_type=\"section\" data-e-type=\"section\" data-settings=\"{&quot;animation&quot;:&quot;bounceIn&quot;}\">\n\t\t\t\t\t\t<div class=\"elementor-container elementor-column-gap-default\">\n\t\t\t\t\t<div class=\"elementor-column elementor-col-33 elementor-top-column elementor-element elementor-element-21aab98\" data-id=\"21aab98\" data-element_type=\"column\" data-e-type=\"column\">\n\t\t\t<div class=\"elementor-widget-wrap elementor-element-populated\">\n\t\t\t\t\t\t<div class=\"elementor-element elementor-element-a9a752a elementor-cta--skin-classic elementor-animated-content elementor-bg-transform elementor-bg-transform-zoom-in elementor-widget elementor-widget-call-to-action\" data-id=\"a9a752a\" data-element_type=\"widget\" data-e-type=\"widget\" data-widget_type=\"call-to-action.default\">\n\t\t\t\t<div class=\"elementor-widget-container\">\n\t\t\t\t\t\t\t<a class=\"elementor-cta\" href=\"https:\/\/www.spaziolunatici.art\/ritratti-a-olio\/\" target=\"_blank\">\n\t\t\t\t\t<div class=\"elementor-cta__bg-wrapper\">\n\t\t\t\t<div class=\"elementor-cta__bg elementor-bg\" style=\"background-image: url(https:\/\/ml2durraw9il.i.optimole.com\/w:1024\/h:968\/q:mauto\/ig:avif\/https:\/\/www.spaziolunatici.art\/wp-content\/uploads\/2024\/03\/kubrick.gif);\" role=\"img\" aria-label=\"\"><\/div>\n\t\t\t\t<div class=\"elementor-cta__bg-overlay\"><\/div>\n\t\t\t<\/div>\n\t\t\t\t\t\t\t<div class=\"elementor-cta__content\">\n\t\t\t\t\n\t\t\t\t\t\t\t\t\t<h2 class=\"elementor-cta__title elementor-cta__content-item elementor-content-item\">\n\t\t\t\t\t\tRITRATTI A OLIO\t\t\t\t\t<\/h2>\n\t\t\t\t\n\t\t\t\t\n\t\t\t\t\t\t\t\t\t<div class=\"elementor-cta__button-wrapper elementor-cta__content-item elementor-content-item \">\n\t\t\t\t\t<span class=\"elementor-cta__button elementor-button elementor-size-\">\n\t\t\t\t\t\tVai alla sezione\t\t\t\t\t<\/span>\n\t\t\t\t\t<\/div>\n\t\t\t\t\t\t\t<\/div>\n\t\t\t\t\t\t<\/a>\n\t\t\t\t\t\t<\/div>\n\t\t\t\t<\/div>\n\t\t\t\t\t<\/div>\n\t\t<\/div>\n\t\t\t\t<div class=\"elementor-column elementor-col-33 elementor-top-column elementor-element elementor-element-915d96f\" data-id=\"915d96f\" data-element_type=\"column\" data-e-type=\"column\">\n\t\t\t<div class=\"elementor-widget-wrap elementor-element-populated\">\n\t\t\t\t\t\t<div class=\"elementor-element elementor-element-bd9d721 elementor-cta--skin-classic elementor-animated-content elementor-bg-transform elementor-bg-transform-zoom-in elementor-widget elementor-widget-call-to-action\" data-id=\"bd9d721\" data-element_type=\"widget\" data-e-type=\"widget\" data-widget_type=\"call-to-action.default\">\n\t\t\t\t<div class=\"elementor-widget-container\">\n\t\t\t\t\t\t\t<a class=\"elementor-cta\" href=\"https:\/\/www.spaziolunatici.art\/ritratti\/\" target=\"_blank\">\n\t\t\t\t\t<div class=\"elementor-cta__bg-wrapper\">\n\t\t\t\t<div class=\"elementor-cta__bg elementor-bg\" style=\"background-image: url(https:\/\/ml2durraw9il.i.optimole.com\/w:852\/h:1024\/q:mauto\/ig:avif\/https:\/\/www.spaziolunatici.art\/wp-content\/uploads\/2024\/03\/8-Karl-Marx.gif);\" role=\"img\" aria-label=\"\"><\/div>\n\t\t\t\t<div class=\"elementor-cta__bg-overlay\"><\/div>\n\t\t\t<\/div>\n\t\t\t\t\t\t\t<div class=\"elementor-cta__content\">\n\t\t\t\t\n\t\t\t\t\t\t\t\t\t<h2 class=\"elementor-cta__title elementor-cta__content-item elementor-content-item\">\n\t\t\t\t\t\tRITRATTI A CHINA\t\t\t\t\t<\/h2>\n\t\t\t\t\n\t\t\t\t\n\t\t\t\t\t\t\t\t\t<div class=\"elementor-cta__button-wrapper elementor-cta__content-item elementor-content-item \">\n\t\t\t\t\t<span class=\"elementor-cta__button elementor-button elementor-size-\">\n\t\t\t\t\t\tVai alla sezione\t\t\t\t\t<\/span>\n\t\t\t\t\t<\/div>\n\t\t\t\t\t\t\t<\/div>\n\t\t\t\t\t\t<\/a>\n\t\t\t\t\t\t<\/div>\n\t\t\t\t<\/div>\n\t\t\t\t\t<\/div>\n\t\t<\/div>\n\t\t\t\t<div class=\"elementor-column elementor-col-33 elementor-top-column elementor-element elementor-element-85c5c42\" data-id=\"85c5c42\" data-element_type=\"column\" data-e-type=\"column\">\n\t\t\t<div class=\"elementor-widget-wrap elementor-element-populated\">\n\t\t\t\t\t\t<div class=\"elementor-element elementor-element-1bc19f9 elementor-cta--skin-classic elementor-animated-content elementor-bg-transform elementor-bg-transform-zoom-in elementor-widget elementor-widget-call-to-action\" data-id=\"1bc19f9\" data-element_type=\"widget\" data-e-type=\"widget\" data-widget_type=\"call-to-action.default\">\n\t\t\t\t<div class=\"elementor-widget-container\">\n\t\t\t\t\t\t\t<a class=\"elementor-cta\" href=\"https:\/\/www.spaziolunatici.art\/figure\/\" target=\"_blank\">\n\t\t\t\t\t<div class=\"elementor-cta__bg-wrapper\">\n\t\t\t\t<div class=\"elementor-cta__bg elementor-bg\" style=\"background-image: url(https:\/\/ml2durraw9il.i.optimole.com\/w:955\/h:851\/q:mauto\/ig:avif\/https:\/\/www.spaziolunatici.art\/wp-content\/uploads\/2024\/03\/donna-al-mare.gif);\" role=\"img\" aria-label=\"\"><\/div>\n\t\t\t\t<div class=\"elementor-cta__bg-overlay\"><\/div>\n\t\t\t<\/div>\n\t\t\t\t\t\t\t<div class=\"elementor-cta__content\">\n\t\t\t\t\n\t\t\t\t\t\t\t\t\t<h2 class=\"elementor-cta__title elementor-cta__content-item elementor-content-item\">\n\t\t\t\t\t\tFIGURE\t\t\t\t\t<\/h2>\n\t\t\t\t\n\t\t\t\t\n\t\t\t\t\t\t\t\t\t<div class=\"elementor-cta__button-wrapper elementor-cta__content-item elementor-content-item \">\n\t\t\t\t\t<span class=\"elementor-cta__button elementor-button elementor-size-\">\n\t\t\t\t\t\tVai alla sezione\t\t\t\t\t<\/span>\n\t\t\t\t\t<\/div>\n\t\t\t\t\t\t\t<\/div>\n\t\t\t\t\t\t<\/a>\n\t\t\t\t\t\t<\/div>\n\t\t\t\t<\/div>\n\t\t\t\t\t<\/div>\n\t\t<\/div>\n\t\t\t\t\t<\/div>\n\t\t<\/section>\n\t\t\t\t<section class=\"elementor-section elementor-top-section elementor-element elementor-element-e01f9da elementor-section-boxed elementor-section-height-default elementor-section-height-default\" data-id=\"e01f9da\" data-element_type=\"section\" data-e-type=\"section\">\n\t\t\t\t\t\t<div class=\"elementor-container elementor-column-gap-default\">\n\t\t\t\t\t<div class=\"elementor-column elementor-col-100 elementor-top-column elementor-element elementor-element-bb96a80\" data-id=\"bb96a80\" data-element_type=\"column\" data-e-type=\"column\">\n\t\t\t<div class=\"elementor-widget-wrap elementor-element-populated\">\n\t\t\t\t\t\t<div class=\"elementor-element elementor-element-d397655 elementor-widget elementor-widget-spacer\" data-id=\"d397655\" data-element_type=\"widget\" data-e-type=\"widget\" data-widget_type=\"spacer.default\">\n\t\t\t\t<div class=\"elementor-widget-container\">\n\t\t\t\t\t\t\t<div class=\"elementor-spacer\">\n\t\t\t<div class=\"elementor-spacer-inner\"><\/div>\n\t\t<\/div>\n\t\t\t\t\t\t<\/div>\n\t\t\t\t<\/div>\n\t\t\t\t\t<\/div>\n\t\t<\/div>\n\t\t\t\t\t<\/div>\n\t\t<\/section>\n\t\t\t\t<section class=\"elementor-section elementor-top-section elementor-element elementor-element-36ac64f elementor-section-full_width elementor-section-stretched elementor-section-height-default elementor-section-height-default\" data-id=\"36ac64f\" data-element_type=\"section\" data-e-type=\"section\" data-settings=\"{&quot;stretch_section&quot;:&quot;section-stretched&quot;,&quot;background_background&quot;:&quot;slideshow&quot;,&quot;background_slideshow_gallery&quot;:[{&quot;id&quot;:8051,&quot;url&quot;:&quot;https:\\/\\/ml2durraw9il.i.optimole.com\\/w:auto\\/h:auto\\/q:mauto\\/ig:avif\\/https:\\/\\/www.spaziolunatici.art\\/wp-content\\/uploads\\/2024\\/01\\/cavedio.gif&quot;}],&quot;background_slideshow_loop&quot;:&quot;yes&quot;,&quot;background_slideshow_slide_duration&quot;:5000,&quot;background_slideshow_slide_transition&quot;:&quot;fade&quot;,&quot;background_slideshow_transition_duration&quot;:500}\">\n\t\t\t\t\t\t\t<div class=\"elementor-background-overlay\"><\/div>\n\t\t\t\t\t\t\t<div class=\"elementor-container elementor-column-gap-default\">\n\t\t\t\t\t<div class=\"elementor-column elementor-col-100 elementor-top-column elementor-element elementor-element-2982ea8\" data-id=\"2982ea8\" data-element_type=\"column\" data-e-type=\"column\">\n\t\t\t<div class=\"elementor-widget-wrap elementor-element-populated\">\n\t\t\t\t\t\t<div class=\"elementor-element elementor-element-9ab41b0 elementor-widget elementor-widget-spacer\" data-id=\"9ab41b0\" data-element_type=\"widget\" data-e-type=\"widget\" data-widget_type=\"spacer.default\">\n\t\t\t\t<div class=\"elementor-widget-container\">\n\t\t\t\t\t\t\t<div class=\"elementor-spacer\">\n\t\t\t<div class=\"elementor-spacer-inner\"><\/div>\n\t\t<\/div>\n\t\t\t\t\t\t<\/div>\n\t\t\t\t<\/div>\n\t\t\t\t<div class=\"elementor-element elementor-element-fc03529 elementor-invisible elementor-widget elementor-widget-heading\" data-id=\"fc03529\" data-element_type=\"widget\" data-e-type=\"widget\" data-settings=\"{&quot;_animation&quot;:&quot;bounceIn&quot;}\" data-widget_type=\"heading.default\">\n\t\t\t\t<div class=\"elementor-widget-container\">\n\t\t\t\t\t<h2 class=\"elementor-heading-title elementor-size-default\">Vuoi visitare il mio studio?<\/h2>\t\t\t\t<\/div>\n\t\t\t\t<\/div>\n\t\t\t\t<div class=\"elementor-element elementor-element-2d820c9 elementor-align-center elementor-invisible elementor-widget elementor-widget-button\" data-id=\"2d820c9\" data-element_type=\"widget\" data-e-type=\"widget\" data-settings=\"{&quot;_animation&quot;:&quot;bounceIn&quot;}\" data-widget_type=\"button.default\">\n\t\t\t\t<div class=\"elementor-widget-container\">\n\t\t\t\t\t\t\t\t\t<div class=\"elementor-button-wrapper\">\n\t\t\t\t\t<a class=\"elementor-button elementor-button-link elementor-size-xl\" href=\"https:\/\/www.spaziolunatici.art\/contatti\" target=\"_blank\">\n\t\t\t\t\t\t<span class=\"elementor-button-content-wrapper\">\n\t\t\t\t\t\t\t\t\t<span class=\"elementor-button-text\"> PRENDI UN APPUNTAMENTO<\/span>\n\t\t\t\t\t<\/span>\n\t\t\t\t\t<\/a>\n\t\t\t\t<\/div>\n\t\t\t\t\t\t\t\t<\/div>\n\t\t\t\t<\/div>\n\t\t\t\t<div class=\"elementor-element elementor-element-615ccb6 elementor-widget elementor-widget-spacer\" data-id=\"615ccb6\" data-element_type=\"widget\" data-e-type=\"widget\" data-widget_type=\"spacer.default\">\n\t\t\t\t<div class=\"elementor-widget-container\">\n\t\t\t\t\t\t\t<div class=\"elementor-spacer\">\n\t\t\t<div class=\"elementor-spacer-inner\"><\/div>\n\t\t<\/div>\n\t\t\t\t\t\t<\/div>\n\t\t\t\t<\/div>\n\t\t\t\t\t<\/div>\n\t\t<\/div>\n\t\t\t\t\t<\/div>\n\t\t<\/section>\n\t\t\t\t<\/div>\n\t\t","protected":false},"excerpt":{"rendered":"<p>HUMANS &#8220;Nessun uomo \u00e8 un &#8216;isola&#8221;, recita un famoso verso del poeta inglese John Donne. Significa che la vita del singolo \u00e8 collegata a quella del resto dell&#8217;umanit\u00e0, nel bene e nel male. In questi quadri realizzo il mio senso di appartenenza al genere umano, alla specie, terribile e meravigliosa, dell&#8217;homo sapiens. RITRATTI A OLIO<a class=\"more-link\" href=\"https:\/\/www.spaziolunatici.art\/en\/humans\/\">Read more  &#10230;<\/a><\/p>","protected":false},"author":1,"featured_media":0,"parent":0,"menu_order":0,"comment_status":"closed","ping_status":"closed","template":"","meta":{"inline_featured_image":false,"footnotes":""},"class_list":["post-8141","page","type-page","status-publish","hentry"],"yoast_head":"<!-- This site is optimized with the Yoast SEO plugin v27.3 - https:\/\/yoast.com\/product\/yoast-seo-wordpress\/ -->\n<title>Opere | Spazio LUNATICI<\/title>\n<meta name=\"description\" content=\"Spazio LUNATICI, opere in esposizione permanente di Gerri Lunatici. Studio in via marchesi 26\/b, Parma. Visite solo su appuntamento.\" \/>\n<meta name=\"robots\" content=\"index, follow, max-snippet:-1, max-image-preview:large, max-video-preview:-1\" \/>\n<link rel=\"canonical\" href=\"https:\/\/www.spaziolunatici.art\/en\/humans\/\" \/>\n<meta property=\"og:locale\" content=\"en_US\" \/>\n<meta property=\"og:type\" content=\"article\" \/>\n<meta property=\"og:title\" content=\"HUMANS | Spazio LUNATICI a Parma\" \/>\n<meta property=\"og:description\" content=\"Spazio LUNATICI, opere in esposizione permanente di Gerri Lunatici. Studio in via marchesi 26\/b, Parma. Visite solo su appuntamento.\" \/>\n<meta property=\"og:url\" content=\"https:\/\/www.spaziolunatici.art\/en\/humans\/\" \/>\n<meta property=\"og:site_name\" content=\"Spazio LUNATICI\" \/>\n<meta property=\"article:modified_time\" content=\"2024-03-10T16:09:23+00:00\" \/>\n<meta property=\"og:image\" content=\"https:\/\/ml2durraw9il.i.optimole.com\/w:auto\/h:auto\/q:mauto\/ig:avif\/https:\/\/www.spaziolunatici.art\/wp-content\/uploads\/2024\/01\/uuuuuuuuuuuuuuuu-scaled.gif\" \/>\n\t<meta property=\"og:image:width\" content=\"2560\" \/>\n\t<meta property=\"og:image:height\" content=\"966\" \/>\n\t<meta property=\"og:image:type\" content=\"image\/gif\" \/>\n<meta name=\"twitter:card\" content=\"summary_large_image\" \/>\n<script type=\"application\/ld+json\" class=\"yoast-schema-graph\">{\"@context\":\"https:\\\/\\\/schema.org\",\"@graph\":[{\"@type\":\"WebPage\",\"@id\":\"https:\\\/\\\/www.spaziolunatici.art\\\/humans\\\/\",\"url\":\"https:\\\/\\\/www.spaziolunatici.art\\\/humans\\\/\",\"name\":\"Opere | Spazio LUNATICI\",\"isPartOf\":{\"@id\":\"https:\\\/\\\/www.spaziolunatici.art\\\/#website\"},\"datePublished\":\"2024-01-24T15:25:42+00:00\",\"dateModified\":\"2024-03-10T16:09:23+00:00\",\"description\":\"Spazio LUNATICI, opere in esposizione permanente di Gerri Lunatici. Studio in via marchesi 26\\\/b, Parma. Visite solo su appuntamento.\",\"breadcrumb\":{\"@id\":\"https:\\\/\\\/www.spaziolunatici.art\\\/humans\\\/#breadcrumb\"},\"inLanguage\":\"en-US\",\"potentialAction\":[{\"@type\":\"ReadAction\",\"target\":[\"https:\\\/\\\/www.spaziolunatici.art\\\/humans\\\/\"]}]},{\"@type\":\"BreadcrumbList\",\"@id\":\"https:\\\/\\\/www.spaziolunatici.art\\\/humans\\\/#breadcrumb\",\"itemListElement\":[{\"@type\":\"ListItem\",\"position\":1,\"name\":\"Home\",\"item\":\"https:\\\/\\\/www.spaziolunatici.art\\\/\"},{\"@type\":\"ListItem\",\"position\":2,\"name\":\"Humans\"}]},{\"@type\":\"WebSite\",\"@id\":\"https:\\\/\\\/www.spaziolunatici.art\\\/#website\",\"url\":\"https:\\\/\\\/www.spaziolunatici.art\\\/\",\"name\":\"Spazio LUNATICI\",\"description\":\"Art Working Studio\",\"alternateName\":\"Art Working Studio\",\"potentialAction\":[{\"@type\":\"SearchAction\",\"target\":{\"@type\":\"EntryPoint\",\"urlTemplate\":\"https:\\\/\\\/www.spaziolunatici.art\\\/?s={search_term_string}\"},\"query-input\":{\"@type\":\"PropertyValueSpecification\",\"valueRequired\":true,\"valueName\":\"search_term_string\"}}],\"inLanguage\":\"en-US\"}]}<\/script>\n<!-- \/ Yoast SEO plugin. -->","yoast_head_json":{"title":"Opere | Spazio LUNATICI","description":"Spazio LUNATICI, opere in esposizione permanente di Gerri Lunatici. Studio in via marchesi 26\/b, Parma. Visite solo su appuntamento.","robots":{"index":"index","follow":"follow","max-snippet":"max-snippet:-1","max-image-preview":"max-image-preview:large","max-video-preview":"max-video-preview:-1"},"canonical":"https:\/\/www.spaziolunatici.art\/en\/humans\/","og_locale":"en_US","og_type":"article","og_title":"HUMANS | Spazio LUNATICI a Parma","og_description":"Spazio LUNATICI, opere in esposizione permanente di Gerri Lunatici. Studio in via marchesi 26\/b, Parma. Visite solo su appuntamento.","og_url":"https:\/\/www.spaziolunatici.art\/en\/humans\/","og_site_name":"Spazio LUNATICI","article_modified_time":"2024-03-10T16:09:23+00:00","og_image":[{"width":2560,"height":966,"url":"https:\/\/ml2durraw9il.i.optimole.com\/w:auto\/h:auto\/q:mauto\/ig:avif\/https:\/\/www.spaziolunatici.art\/wp-content\/uploads\/2024\/01\/uuuuuuuuuuuuuuuu-scaled.gif","type":"image\/gif"}],"twitter_card":"summary_large_image","schema":{"@context":"https:\/\/schema.org","@graph":[{"@type":"WebPage","@id":"https:\/\/www.spaziolunatici.art\/humans\/","url":"https:\/\/www.spaziolunatici.art\/humans\/","name":"Opere | Spazio LUNATICI","isPartOf":{"@id":"https:\/\/www.spaziolunatici.art\/#website"},"datePublished":"2024-01-24T15:25:42+00:00","dateModified":"2024-03-10T16:09:23+00:00","description":"Spazio LUNATICI, opere in esposizione permanente di Gerri Lunatici. Studio in via marchesi 26\/b, Parma. Visite solo su appuntamento.","breadcrumb":{"@id":"https:\/\/www.spaziolunatici.art\/humans\/#breadcrumb"},"inLanguage":"en-US","potentialAction":[{"@type":"ReadAction","target":["https:\/\/www.spaziolunatici.art\/humans\/"]}]},{"@type":"BreadcrumbList","@id":"https:\/\/www.spaziolunatici.art\/humans\/#breadcrumb","itemListElement":[{"@type":"ListItem","position":1,"name":"Home","item":"https:\/\/www.spaziolunatici.art\/"},{"@type":"ListItem","position":2,"name":"Humans"}]},{"@type":"WebSite","@id":"https:\/\/www.spaziolunatici.art\/#website","url":"https:\/\/www.spaziolunatici.art\/","name":"Spazio LUNATICI","description":"Art Working Studio","alternateName":"Art Working Studio","potentialAction":[{"@type":"SearchAction","target":{"@type":"EntryPoint","urlTemplate":"https:\/\/www.spaziolunatici.art\/?s={search_term_string}"},"query-input":{"@type":"PropertyValueSpecification","valueRequired":true,"valueName":"search_term_string"}}],"inLanguage":"en-US"}]}},"_links":{"self":[{"href":"https:\/\/www.spaziolunatici.art\/en\/wp-json\/wp\/v2\/pages\/8141","targetHints":{"allow":["GET"]}}],"collection":[{"href":"https:\/\/www.spaziolunatici.art\/en\/wp-json\/wp\/v2\/pages"}],"about":[{"href":"https:\/\/www.spaziolunatici.art\/en\/wp-json\/wp\/v2\/types\/page"}],"author":[{"embeddable":true,"href":"https:\/\/www.spaziolunatici.art\/en\/wp-json\/wp\/v2\/users\/1"}],"replies":[{"embeddable":true,"href":"https:\/\/www.spaziolunatici.art\/en\/wp-json\/wp\/v2\/comments?post=8141"}],"version-history":[{"count":138,"href":"https:\/\/www.spaziolunatici.art\/en\/wp-json\/wp\/v2\/pages\/8141\/revisions"}],"predecessor-version":[{"id":10690,"href":"https:\/\/www.spaziolunatici.art\/en\/wp-json\/wp\/v2\/pages\/8141\/revisions\/10690"}],"wp:attachment":[{"href":"https:\/\/www.spaziolunatici.art\/en\/wp-json\/wp\/v2\/media?parent=8141"}],"curies":[{"name":"wp","href":"https:\/\/api.w.org\/{rel}","templated":true}]}}