{"id":8143,"date":"2024-01-24T15:25:59","date_gmt":"2024-01-24T15:25:59","guid":{"rendered":"https:\/\/www.spaziolunatici.art\/?page_id=8143"},"modified":"2024-03-10T16:10:55","modified_gmt":"2024-03-10T16:10:55","slug":"stories","status":"publish","type":"page","link":"https:\/\/www.spaziolunatici.art\/en\/stories\/","title":{"rendered":"stories"},"content":{"rendered":"\t\t<div data-elementor-type=\"wp-page\" data-elementor-id=\"8143\" class=\"elementor elementor-8143\" data-elementor-post-type=\"page\">\n\t\t\t\t\t\t<section class=\"elementor-section elementor-top-section elementor-element elementor-element-5c0140d elementor-section-boxed elementor-section-height-default elementor-section-height-default elementor-invisible\" data-id=\"5c0140d\" data-element_type=\"section\" data-e-type=\"section\" data-settings=\"{&quot;animation&quot;:&quot;zoomIn&quot;}\">\n\t\t\t\t\t\t<div class=\"elementor-container elementor-column-gap-default\">\n\t\t\t\t\t<div class=\"elementor-column elementor-col-100 elementor-top-column elementor-element elementor-element-35d221b\" data-id=\"35d221b\" data-element_type=\"column\" data-e-type=\"column\">\n\t\t\t<div class=\"elementor-widget-wrap elementor-element-populated\">\n\t\t\t\t\t\t<div class=\"elementor-element elementor-element-f3c73d3 elementor-widget elementor-widget-heading\" data-id=\"f3c73d3\" data-element_type=\"widget\" data-e-type=\"widget\" data-widget_type=\"heading.default\">\n\t\t\t\t<div class=\"elementor-widget-container\">\n\t\t\t\t\t<h2 class=\"elementor-heading-title elementor-size-default\">STORIES<\/h2>\t\t\t\t<\/div>\n\t\t\t\t<\/div>\n\t\t\t\t<div class=\"elementor-element elementor-element-2bb7bb9 elementor-widget elementor-widget-text-editor\" data-id=\"2bb7bb9\" data-element_type=\"widget\" data-e-type=\"widget\" data-widget_type=\"text-editor.default\">\n\t\t\t\t<div class=\"elementor-widget-container\">\n\t\t\t\t\t\t\t\t\t<blockquote><p><em>&#8220;Narrare significa creare, poich\u00e9 vivere significa soltanto venire vissuto&#8221;<\/em> , afferma il poeta portoghese Fernando Pessoa, quasi a dire che solo ci\u00f2 che \u00e8 narrato \u00e8 reale e che una vita \u00e8 tale solo quando viene raccontata, anche a se stessi. Narrare (e leggere) storie con le immagini \u00e8 un&#8217;altra delle mie passioni, un modo per far s\u00ec che lo spazio incontri il tempo.<\/p><\/blockquote>\t\t\t\t\t\t\t\t<\/div>\n\t\t\t\t<\/div>\n\t\t\t\t\t<\/div>\n\t\t<\/div>\n\t\t\t\t\t<\/div>\n\t\t<\/section>\n\t\t\t\t<section class=\"elementor-section elementor-top-section elementor-element elementor-element-dd6e0f0 elementor-section-boxed elementor-section-height-default elementor-section-height-default elementor-invisible\" data-id=\"dd6e0f0\" data-element_type=\"section\" data-e-type=\"section\" data-settings=\"{&quot;animation&quot;:&quot;bounceIn&quot;}\">\n\t\t\t\t\t\t<div class=\"elementor-container elementor-column-gap-default\">\n\t\t\t\t\t<div class=\"elementor-column elementor-col-50 elementor-top-column elementor-element elementor-element-181ca71\" data-id=\"181ca71\" data-element_type=\"column\" data-e-type=\"column\">\n\t\t\t<div class=\"elementor-widget-wrap elementor-element-populated\">\n\t\t\t\t\t\t<div class=\"elementor-element elementor-element-b868bca elementor-cta--skin-classic elementor-animated-content elementor-bg-transform elementor-bg-transform-zoom-in elementor-widget elementor-widget-call-to-action\" data-id=\"b868bca\" data-element_type=\"widget\" data-e-type=\"widget\" data-widget_type=\"call-to-action.default\">\n\t\t\t\t<div class=\"elementor-widget-container\">\n\t\t\t\t\t\t\t<a class=\"elementor-cta\" href=\"https:\/\/www.spaziolunatici.art\/quaderni-dartista\/\" target=\"_blank\">\n\t\t\t\t\t<div class=\"elementor-cta__bg-wrapper\">\n\t\t\t\t<div class=\"elementor-cta__bg elementor-bg\" style=\"background-image: url(https:\/\/ml2durraw9il.i.optimole.com\/w:1024\/h:719\/q:mauto\/ig:avif\/https:\/\/www.spaziolunatici.art\/wp-content\/uploads\/2024\/03\/10.gif);\" role=\"img\" aria-label=\"\"><\/div>\n\t\t\t\t<div class=\"elementor-cta__bg-overlay\"><\/div>\n\t\t\t<\/div>\n\t\t\t\t\t\t\t<div class=\"elementor-cta__content\">\n\t\t\t\t\n\t\t\t\t\t\t\t\t\t<h2 class=\"elementor-cta__title elementor-cta__content-item elementor-content-item\">\n\t\t\t\t\t\tQUADERNI D'ARTISTA\t\t\t\t\t<\/h2>\n\t\t\t\t\n\t\t\t\t\n\t\t\t\t\t\t\t\t\t<div class=\"elementor-cta__button-wrapper elementor-cta__content-item elementor-content-item \">\n\t\t\t\t\t<span class=\"elementor-cta__button elementor-button elementor-size-\">\n\t\t\t\t\t\tVai alla sezione\t\t\t\t\t<\/span>\n\t\t\t\t\t<\/div>\n\t\t\t\t\t\t\t<\/div>\n\t\t\t\t\t\t<\/a>\n\t\t\t\t\t\t<\/div>\n\t\t\t\t<\/div>\n\t\t\t\t\t<\/div>\n\t\t<\/div>\n\t\t\t\t<div class=\"elementor-column elementor-col-50 elementor-top-column elementor-element elementor-element-24471a5\" data-id=\"24471a5\" data-element_type=\"column\" data-e-type=\"column\">\n\t\t\t<div class=\"elementor-widget-wrap elementor-element-populated\">\n\t\t\t\t\t\t<div class=\"elementor-element elementor-element-e21d8fe elementor-cta--skin-classic elementor-animated-content elementor-bg-transform elementor-bg-transform-zoom-in elementor-widget elementor-widget-call-to-action\" data-id=\"e21d8fe\" data-element_type=\"widget\" data-e-type=\"widget\" data-widget_type=\"call-to-action.default\">\n\t\t\t\t<div class=\"elementor-widget-container\">\n\t\t\t\t\t\t\t<a class=\"elementor-cta\" href=\"https:\/\/www.spaziolunatici.art\/graphic-novel\/\" target=\"_blank\">\n\t\t\t\t\t<div class=\"elementor-cta__bg-wrapper\">\n\t\t\t\t<div class=\"elementor-cta__bg elementor-bg\" style=\"background-image: url(https:\/\/ml2durraw9il.i.optimole.com\/w:1024\/h:725\/q:mauto\/ig:avif\/https:\/\/www.spaziolunatici.art\/wp-content\/uploads\/2024\/03\/transiberiana.gif);\" role=\"img\" aria-label=\"\"><\/div>\n\t\t\t\t<div class=\"elementor-cta__bg-overlay\"><\/div>\n\t\t\t<\/div>\n\t\t\t\t\t\t\t<div class=\"elementor-cta__content\">\n\t\t\t\t\n\t\t\t\t\t\t\t\t\t<h2 class=\"elementor-cta__title elementor-cta__content-item elementor-content-item\">\n\t\t\t\t\t\tGRAPHIC NOVEL\t\t\t\t\t<\/h2>\n\t\t\t\t\n\t\t\t\t\n\t\t\t\t\t\t\t\t\t<div class=\"elementor-cta__button-wrapper elementor-cta__content-item elementor-content-item \">\n\t\t\t\t\t<span class=\"elementor-cta__button elementor-button elementor-size-\">\n\t\t\t\t\t\tVai alla sezione\t\t\t\t\t<\/span>\n\t\t\t\t\t<\/div>\n\t\t\t\t\t\t\t<\/div>\n\t\t\t\t\t\t<\/a>\n\t\t\t\t\t\t<\/div>\n\t\t\t\t<\/div>\n\t\t\t\t\t<\/div>\n\t\t<\/div>\n\t\t\t\t\t<\/div>\n\t\t<\/section>\n\t\t\t\t<section class=\"elementor-section elementor-top-section elementor-element elementor-element-d577e1d elementor-section-full_width elementor-section-stretched elementor-section-height-default elementor-section-height-default\" data-id=\"d577e1d\" data-element_type=\"section\" data-e-type=\"section\" data-settings=\"{&quot;stretch_section&quot;:&quot;section-stretched&quot;,&quot;background_background&quot;:&quot;slideshow&quot;,&quot;background_slideshow_gallery&quot;:[{&quot;id&quot;:8051,&quot;url&quot;:&quot;https:\\/\\/ml2durraw9il.i.optimole.com\\/w:auto\\/h:auto\\/q:mauto\\/ig:avif\\/https:\\/\\/www.spaziolunatici.art\\/wp-content\\/uploads\\/2024\\/01\\/cavedio.gif&quot;}],&quot;background_slideshow_loop&quot;:&quot;yes&quot;,&quot;background_slideshow_slide_duration&quot;:5000,&quot;background_slideshow_slide_transition&quot;:&quot;fade&quot;,&quot;background_slideshow_transition_duration&quot;:500}\">\n\t\t\t\t\t\t\t<div class=\"elementor-background-overlay\"><\/div>\n\t\t\t\t\t\t\t<div class=\"elementor-container elementor-column-gap-default\">\n\t\t\t\t\t<div class=\"elementor-column elementor-col-100 elementor-top-column elementor-element elementor-element-27110a3\" data-id=\"27110a3\" data-element_type=\"column\" data-e-type=\"column\">\n\t\t\t<div class=\"elementor-widget-wrap elementor-element-populated\">\n\t\t\t\t\t\t<div class=\"elementor-element elementor-element-c7e7526 elementor-widget elementor-widget-spacer\" data-id=\"c7e7526\" data-element_type=\"widget\" data-e-type=\"widget\" data-widget_type=\"spacer.default\">\n\t\t\t\t<div class=\"elementor-widget-container\">\n\t\t\t\t\t\t\t<div class=\"elementor-spacer\">\n\t\t\t<div class=\"elementor-spacer-inner\"><\/div>\n\t\t<\/div>\n\t\t\t\t\t\t<\/div>\n\t\t\t\t<\/div>\n\t\t\t\t<div class=\"elementor-element elementor-element-5778c56 elementor-invisible elementor-widget elementor-widget-heading\" data-id=\"5778c56\" data-element_type=\"widget\" data-e-type=\"widget\" data-settings=\"{&quot;_animation&quot;:&quot;bounceIn&quot;}\" data-widget_type=\"heading.default\">\n\t\t\t\t<div class=\"elementor-widget-container\">\n\t\t\t\t\t<h2 class=\"elementor-heading-title elementor-size-default\">Vuoi visitare il mio studio?<\/h2>\t\t\t\t<\/div>\n\t\t\t\t<\/div>\n\t\t\t\t<div class=\"elementor-element elementor-element-4cd8bdb elementor-align-center elementor-invisible elementor-widget elementor-widget-button\" data-id=\"4cd8bdb\" data-element_type=\"widget\" data-e-type=\"widget\" data-settings=\"{&quot;_animation&quot;:&quot;bounceIn&quot;}\" data-widget_type=\"button.default\">\n\t\t\t\t<div class=\"elementor-widget-container\">\n\t\t\t\t\t\t\t\t\t<div class=\"elementor-button-wrapper\">\n\t\t\t\t\t<a class=\"elementor-button elementor-button-link elementor-size-xl\" href=\"https:\/\/www.spaziolunatici.art\/contatti\" target=\"_blank\">\n\t\t\t\t\t\t<span class=\"elementor-button-content-wrapper\">\n\t\t\t\t\t\t\t\t\t<span class=\"elementor-button-text\"> PRENDI UN APPUNTAMENTO<\/span>\n\t\t\t\t\t<\/span>\n\t\t\t\t\t<\/a>\n\t\t\t\t<\/div>\n\t\t\t\t\t\t\t\t<\/div>\n\t\t\t\t<\/div>\n\t\t\t\t<div class=\"elementor-element elementor-element-109fa81 elementor-widget elementor-widget-spacer\" data-id=\"109fa81\" data-element_type=\"widget\" data-e-type=\"widget\" data-widget_type=\"spacer.default\">\n\t\t\t\t<div class=\"elementor-widget-container\">\n\t\t\t\t\t\t\t<div class=\"elementor-spacer\">\n\t\t\t<div class=\"elementor-spacer-inner\"><\/div>\n\t\t<\/div>\n\t\t\t\t\t\t<\/div>\n\t\t\t\t<\/div>\n\t\t\t\t\t<\/div>\n\t\t<\/div>\n\t\t\t\t\t<\/div>\n\t\t<\/section>\n\t\t\t\t<\/div>\n\t\t","protected":false},"excerpt":{"rendered":"<p>STORIES &#8220;Narrare significa creare, poich\u00e9 vivere significa soltanto venire vissuto&#8221; , afferma il poeta portoghese Fernando Pessoa, quasi a dire che solo ci\u00f2 che \u00e8 narrato \u00e8 reale e che una vita \u00e8 tale solo quando viene raccontata, anche a se stessi. Narrare (e leggere) storie con le immagini \u00e8 un&#8217;altra delle mie passioni, un<a class=\"more-link\" href=\"https:\/\/www.spaziolunatici.art\/en\/stories\/\">Read more  &#10230;<\/a><\/p>","protected":false},"author":1,"featured_media":0,"parent":0,"menu_order":0,"comment_status":"closed","ping_status":"closed","template":"","meta":{"inline_featured_image":false,"footnotes":""},"class_list":["post-8143","page","type-page","status-publish","hentry"],"yoast_head":"<!-- This site is optimized with the Yoast SEO plugin v27.3 - https:\/\/yoast.com\/product\/yoast-seo-wordpress\/ -->\n<title>Stories | Spazio LUNATICI<\/title>\n<meta name=\"description\" content=\"Spazio LUNATICI, quaderni e graphic novel in esposizione permanente di Gerri Lunatici. Studio in via marchesi 26\/b, Parma. Visite su appuntamento.\" \/>\n<meta name=\"robots\" content=\"index, follow, max-snippet:-1, max-image-preview:large, max-video-preview:-1\" \/>\n<link rel=\"canonical\" href=\"https:\/\/www.spaziolunatici.art\/en\/stories\/\" \/>\n<meta property=\"og:locale\" content=\"en_US\" \/>\n<meta property=\"og:type\" content=\"article\" \/>\n<meta property=\"og:title\" content=\"Quaderni d&#039;artista e Graphic novel | Spazio LUNATICI\" \/>\n<meta property=\"og:description\" content=\"Spazio LUNATICI, quaderni e graphic novel in esposizione permanente di Gerri Lunatici. Studio in via marchesi 26\/b, Parma. Visite su appuntamento.\" \/>\n<meta property=\"og:url\" content=\"https:\/\/www.spaziolunatici.art\/en\/stories\/\" \/>\n<meta property=\"og:site_name\" content=\"Spazio LUNATICI\" \/>\n<meta property=\"article:modified_time\" content=\"2024-03-10T16:10:55+00:00\" \/>\n<meta property=\"og:image\" content=\"https:\/\/ml2durraw9il.i.optimole.com\/w:auto\/h:auto\/q:mauto\/ig:avif\/https:\/\/www.spaziolunatici.art\/wp-content\/uploads\/2024\/01\/107605876_10219991690314858_8856860218495483665_o-1.jpg\" \/>\n\t<meta property=\"og:image:width\" content=\"843\" \/>\n\t<meta property=\"og:image:height\" content=\"536\" \/>\n\t<meta property=\"og:image:type\" content=\"image\/jpeg\" \/>\n<meta name=\"twitter:card\" content=\"summary_large_image\" \/>\n<script type=\"application\/ld+json\" class=\"yoast-schema-graph\">{\"@context\":\"https:\\\/\\\/schema.org\",\"@graph\":[{\"@type\":\"WebPage\",\"@id\":\"https:\\\/\\\/www.spaziolunatici.art\\\/stories\\\/\",\"url\":\"https:\\\/\\\/www.spaziolunatici.art\\\/stories\\\/\",\"name\":\"Stories | Spazio LUNATICI\",\"isPartOf\":{\"@id\":\"https:\\\/\\\/www.spaziolunatici.art\\\/#website\"},\"datePublished\":\"2024-01-24T15:25:59+00:00\",\"dateModified\":\"2024-03-10T16:10:55+00:00\",\"description\":\"Spazio LUNATICI, quaderni e graphic novel in esposizione permanente di Gerri Lunatici. Studio in via marchesi 26\\\/b, Parma. Visite su appuntamento.\",\"breadcrumb\":{\"@id\":\"https:\\\/\\\/www.spaziolunatici.art\\\/stories\\\/#breadcrumb\"},\"inLanguage\":\"en-US\",\"potentialAction\":[{\"@type\":\"ReadAction\",\"target\":[\"https:\\\/\\\/www.spaziolunatici.art\\\/stories\\\/\"]}]},{\"@type\":\"BreadcrumbList\",\"@id\":\"https:\\\/\\\/www.spaziolunatici.art\\\/stories\\\/#breadcrumb\",\"itemListElement\":[{\"@type\":\"ListItem\",\"position\":1,\"name\":\"Home\",\"item\":\"https:\\\/\\\/www.spaziolunatici.art\\\/\"},{\"@type\":\"ListItem\",\"position\":2,\"name\":\"stories\"}]},{\"@type\":\"WebSite\",\"@id\":\"https:\\\/\\\/www.spaziolunatici.art\\\/#website\",\"url\":\"https:\\\/\\\/www.spaziolunatici.art\\\/\",\"name\":\"Spazio LUNATICI\",\"description\":\"Art Working Studio\",\"alternateName\":\"Art Working Studio\",\"potentialAction\":[{\"@type\":\"SearchAction\",\"target\":{\"@type\":\"EntryPoint\",\"urlTemplate\":\"https:\\\/\\\/www.spaziolunatici.art\\\/?s={search_term_string}\"},\"query-input\":{\"@type\":\"PropertyValueSpecification\",\"valueRequired\":true,\"valueName\":\"search_term_string\"}}],\"inLanguage\":\"en-US\"}]}<\/script>\n<!-- \/ Yoast SEO plugin. -->","yoast_head_json":{"title":"Stories | Spazio LUNATICI","description":"Spazio LUNATICI, quaderni e graphic novel in esposizione permanente di Gerri Lunatici. Studio in via marchesi 26\/b, Parma. Visite su appuntamento.","robots":{"index":"index","follow":"follow","max-snippet":"max-snippet:-1","max-image-preview":"max-image-preview:large","max-video-preview":"max-video-preview:-1"},"canonical":"https:\/\/www.spaziolunatici.art\/en\/stories\/","og_locale":"en_US","og_type":"article","og_title":"Quaderni d'artista e Graphic novel | Spazio LUNATICI","og_description":"Spazio LUNATICI, quaderni e graphic novel in esposizione permanente di Gerri Lunatici. Studio in via marchesi 26\/b, Parma. Visite su appuntamento.","og_url":"https:\/\/www.spaziolunatici.art\/en\/stories\/","og_site_name":"Spazio LUNATICI","article_modified_time":"2024-03-10T16:10:55+00:00","og_image":[{"width":843,"height":536,"url":"https:\/\/ml2durraw9il.i.optimole.com\/w:auto\/h:auto\/q:mauto\/ig:avif\/https:\/\/www.spaziolunatici.art\/wp-content\/uploads\/2024\/01\/107605876_10219991690314858_8856860218495483665_o-1.jpg","type":"image\/jpeg"}],"twitter_card":"summary_large_image","schema":{"@context":"https:\/\/schema.org","@graph":[{"@type":"WebPage","@id":"https:\/\/www.spaziolunatici.art\/stories\/","url":"https:\/\/www.spaziolunatici.art\/stories\/","name":"Stories | Spazio LUNATICI","isPartOf":{"@id":"https:\/\/www.spaziolunatici.art\/#website"},"datePublished":"2024-01-24T15:25:59+00:00","dateModified":"2024-03-10T16:10:55+00:00","description":"Spazio LUNATICI, quaderni e graphic novel in esposizione permanente di Gerri Lunatici. Studio in via marchesi 26\/b, Parma. Visite su appuntamento.","breadcrumb":{"@id":"https:\/\/www.spaziolunatici.art\/stories\/#breadcrumb"},"inLanguage":"en-US","potentialAction":[{"@type":"ReadAction","target":["https:\/\/www.spaziolunatici.art\/stories\/"]}]},{"@type":"BreadcrumbList","@id":"https:\/\/www.spaziolunatici.art\/stories\/#breadcrumb","itemListElement":[{"@type":"ListItem","position":1,"name":"Home","item":"https:\/\/www.spaziolunatici.art\/"},{"@type":"ListItem","position":2,"name":"stories"}]},{"@type":"WebSite","@id":"https:\/\/www.spaziolunatici.art\/#website","url":"https:\/\/www.spaziolunatici.art\/","name":"Spazio LUNATICI","description":"Art Working Studio","alternateName":"Art Working Studio","potentialAction":[{"@type":"SearchAction","target":{"@type":"EntryPoint","urlTemplate":"https:\/\/www.spaziolunatici.art\/?s={search_term_string}"},"query-input":{"@type":"PropertyValueSpecification","valueRequired":true,"valueName":"search_term_string"}}],"inLanguage":"en-US"}]}},"_links":{"self":[{"href":"https:\/\/www.spaziolunatici.art\/en\/wp-json\/wp\/v2\/pages\/8143","targetHints":{"allow":["GET"]}}],"collection":[{"href":"https:\/\/www.spaziolunatici.art\/en\/wp-json\/wp\/v2\/pages"}],"about":[{"href":"https:\/\/www.spaziolunatici.art\/en\/wp-json\/wp\/v2\/types\/page"}],"author":[{"embeddable":true,"href":"https:\/\/www.spaziolunatici.art\/en\/wp-json\/wp\/v2\/users\/1"}],"replies":[{"embeddable":true,"href":"https:\/\/www.spaziolunatici.art\/en\/wp-json\/wp\/v2\/comments?post=8143"}],"version-history":[{"count":32,"href":"https:\/\/www.spaziolunatici.art\/en\/wp-json\/wp\/v2\/pages\/8143\/revisions"}],"predecessor-version":[{"id":10699,"href":"https:\/\/www.spaziolunatici.art\/en\/wp-json\/wp\/v2\/pages\/8143\/revisions\/10699"}],"wp:attachment":[{"href":"https:\/\/www.spaziolunatici.art\/en\/wp-json\/wp\/v2\/media?parent=8143"}],"curies":[{"name":"wp","href":"https:\/\/api.w.org\/{rel}","templated":true}]}}