{"id":8490,"date":"2024-01-26T16:11:49","date_gmt":"2024-01-26T16:11:49","guid":{"rendered":"https:\/\/www.spaziolunatici.art\/?page_id=8490"},"modified":"2024-11-23T13:17:53","modified_gmt":"2024-11-23T13:17:53","slug":"art-a-porter","status":"publish","type":"page","link":"https:\/\/www.spaziolunatici.art\/en\/art-a-porter\/","title":{"rendered":"Art a porter"},"content":{"rendered":"\t\t<div data-elementor-type=\"wp-page\" data-elementor-id=\"8490\" class=\"elementor elementor-8490\" data-elementor-post-type=\"page\">\n\t\t\t\t\t\t<section class=\"elementor-section elementor-top-section elementor-element elementor-element-6397bf3 elementor-section-boxed elementor-section-height-default elementor-section-height-default\" data-id=\"6397bf3\" data-element_type=\"section\" data-e-type=\"section\">\n\t\t\t\t\t\t<div class=\"elementor-container elementor-column-gap-default\">\n\t\t\t\t\t<div class=\"elementor-column elementor-col-100 elementor-top-column elementor-element elementor-element-571ea52\" data-id=\"571ea52\" data-element_type=\"column\" data-e-type=\"column\">\n\t\t\t<div class=\"elementor-widget-wrap elementor-element-populated\">\n\t\t\t\t\t\t<div class=\"elementor-element elementor-element-0259426 elementor-widget elementor-widget-heading\" data-id=\"0259426\" data-element_type=\"widget\" data-e-type=\"widget\" data-widget_type=\"heading.default\">\n\t\t\t\t<div class=\"elementor-widget-container\">\n\t\t\t\t\t<h2 class=\"elementor-heading-title elementor-size-default\"><span style=\"font-size: var(--proteo-h2_font_size, 2.5rem);font-weight: var( --e-global-typography-primary-font-weight )\">ART \u00c0 PORTER<\/span><\/h2>\t\t\t\t<\/div>\n\t\t\t\t<\/div>\n\t\t\t\t<div class=\"elementor-element elementor-element-aaeeffe elementor-widget elementor-widget-text-editor\" data-id=\"aaeeffe\" data-element_type=\"widget\" data-e-type=\"widget\" data-widget_type=\"text-editor.default\">\n\t\t\t\t<div class=\"elementor-widget-container\">\n\t\t\t\t\t\t\t\t\t<blockquote><p><em>&#8220;Uno dei compiti principali dell&#8217;arte \u00e8 sempre stato quello di creare esigenze che al momento non \u00e8 in grado di soddisfare&#8221;<\/em>, diceva il filosofo Walter Benjamin. Io invece penso che sia sempre possibile soddisfare la propria esigenza di bellezza e di arte, per esempio acquistando un&#8217;opera: E&#8217; l&#8217;unico modo per far s\u00ec che un artista continui a creare bellezza.<\/p><\/blockquote>\t\t\t\t\t\t\t\t<\/div>\n\t\t\t\t<\/div>\n\t\t\t\t\t<\/div>\n\t\t<\/div>\n\t\t\t\t\t<\/div>\n\t\t<\/section>\n\t\t\t\t<section class=\"elementor-section elementor-top-section elementor-element elementor-element-d8a5a44 elementor-section-boxed elementor-section-height-default elementor-section-height-default elementor-invisible\" data-id=\"d8a5a44\" data-element_type=\"section\" data-e-type=\"section\" data-settings=\"{&quot;animation&quot;:&quot;bounceIn&quot;}\">\n\t\t\t\t\t\t<div class=\"elementor-container elementor-column-gap-default\">\n\t\t\t\t\t<div class=\"elementor-column elementor-col-50 elementor-top-column elementor-element elementor-element-b5d1a7f\" data-id=\"b5d1a7f\" data-element_type=\"column\" data-e-type=\"column\">\n\t\t\t<div class=\"elementor-widget-wrap elementor-element-populated\">\n\t\t\t\t\t\t<div class=\"elementor-element elementor-element-b12fe6a elementor-cta--skin-classic elementor-animated-content elementor-bg-transform elementor-bg-transform-zoom-in elementor-widget elementor-widget-call-to-action\" data-id=\"b12fe6a\" data-element_type=\"widget\" data-e-type=\"widget\" data-widget_type=\"call-to-action.default\">\n\t\t\t\t<div class=\"elementor-widget-container\">\n\t\t\t\t\t\t\t<a class=\"elementor-cta\" href=\"https:\/\/www.spaziolunatici.art\/it\/bylunatici\/art-a-porter\/monotipi\/\" target=\"_blank\">\n\t\t\t\t\t<div class=\"elementor-cta__bg-wrapper\">\n\t\t\t\t<div class=\"elementor-cta__bg elementor-bg\" style=\"background-image: url(https:\/\/ml2durraw9il.i.optimole.com\/w:851\/h:862\/q:mauto\/ig:avif\/https:\/\/www.spaziolunatici.art\/wp-content\/uploads\/2024\/03\/litoralebd.gif);\" role=\"img\" aria-label=\"\"><\/div>\n\t\t\t\t<div class=\"elementor-cta__bg-overlay\"><\/div>\n\t\t\t<\/div>\n\t\t\t\t\t\t\t<div class=\"elementor-cta__content\">\n\t\t\t\t\n\t\t\t\t\t\t\t\t\t<h2 class=\"elementor-cta__title elementor-cta__content-item elementor-content-item\">\n\t\t\t\t\t\tBIGLIETTI D'AUTORE\t\t\t\t\t<\/h2>\n\t\t\t\t\n\t\t\t\t\n\t\t\t\t\t\t\t\t\t<div class=\"elementor-cta__button-wrapper elementor-cta__content-item elementor-content-item \">\n\t\t\t\t\t<span class=\"elementor-cta__button elementor-button elementor-size-\">\n\t\t\t\t\t\tVai alla sezione ONLINE\t\t\t\t\t<\/span>\n\t\t\t\t\t<\/div>\n\t\t\t\t\t\t\t<\/div>\n\t\t\t\t\t\t<\/a>\n\t\t\t\t\t\t<\/div>\n\t\t\t\t<\/div>\n\t\t\t\t\t<\/div>\n\t\t<\/div>\n\t\t\t\t<div class=\"elementor-column elementor-col-50 elementor-top-column elementor-element elementor-element-01d8192\" data-id=\"01d8192\" data-element_type=\"column\" data-e-type=\"column\">\n\t\t\t<div class=\"elementor-widget-wrap elementor-element-populated\">\n\t\t\t\t\t\t<div class=\"elementor-element elementor-element-fc5eea8 elementor-cta--skin-classic elementor-animated-content elementor-bg-transform elementor-bg-transform-zoom-in elementor-widget elementor-widget-call-to-action\" data-id=\"fc5eea8\" data-element_type=\"widget\" data-e-type=\"widget\" data-widget_type=\"call-to-action.default\">\n\t\t\t\t<div class=\"elementor-widget-container\">\n\t\t\t\t\t\t\t<a class=\"elementor-cta\" href=\"https:\/\/www.spaziolunatici.art\/it\/bylunatici\/art-a-porter\/biglietti-dautore\/\" target=\"_blank\">\n\t\t\t\t\t<div class=\"elementor-cta__bg-wrapper\">\n\t\t\t\t<div class=\"elementor-cta__bg elementor-bg\" style=\"background-image: url(https:\/\/ml2durraw9il.i.optimole.com\/w:1024\/h:742\/q:mauto\/ig:avif\/https:\/\/www.spaziolunatici.art\/wp-content\/uploads\/2024\/03\/toscanini1.gif);\" role=\"img\" aria-label=\"\"><\/div>\n\t\t\t\t<div class=\"elementor-cta__bg-overlay\"><\/div>\n\t\t\t<\/div>\n\t\t\t\t\t\t\t<div class=\"elementor-cta__content\">\n\t\t\t\t\n\t\t\t\t\t\t\t\t\t<h2 class=\"elementor-cta__title elementor-cta__content-item elementor-content-item\">\n\t\t\t\t\t\tMONOTIPI\t\t\t\t\t<\/h2>\n\t\t\t\t\n\t\t\t\t\n\t\t\t\t\t\t\t\t\t<div class=\"elementor-cta__button-wrapper elementor-cta__content-item elementor-content-item \">\n\t\t\t\t\t<span class=\"elementor-cta__button elementor-button elementor-size-\">\n\t\t\t\t\t\tVai alla sezione ONLINE\t\t\t\t\t<\/span>\n\t\t\t\t\t<\/div>\n\t\t\t\t\t\t\t<\/div>\n\t\t\t\t\t\t<\/a>\n\t\t\t\t\t\t<\/div>\n\t\t\t\t<\/div>\n\t\t\t\t\t<\/div>\n\t\t<\/div>\n\t\t\t\t\t<\/div>\n\t\t<\/section>\n\t\t\t\t<section class=\"elementor-section elementor-top-section elementor-element elementor-element-9838a78 elementor-section-boxed elementor-section-height-default elementor-section-height-default\" data-id=\"9838a78\" data-element_type=\"section\" data-e-type=\"section\">\n\t\t\t\t\t\t<div class=\"elementor-container elementor-column-gap-default\">\n\t\t\t\t\t<div class=\"elementor-column elementor-col-100 elementor-top-column elementor-element elementor-element-68da4d3\" data-id=\"68da4d3\" data-element_type=\"column\" data-e-type=\"column\">\n\t\t\t<div class=\"elementor-widget-wrap elementor-element-populated\">\n\t\t\t\t\t\t<div class=\"elementor-element elementor-element-d40d97f elementor-widget elementor-widget-spacer\" data-id=\"d40d97f\" data-element_type=\"widget\" data-e-type=\"widget\" data-widget_type=\"spacer.default\">\n\t\t\t\t<div class=\"elementor-widget-container\">\n\t\t\t\t\t\t\t<div class=\"elementor-spacer\">\n\t\t\t<div class=\"elementor-spacer-inner\"><\/div>\n\t\t<\/div>\n\t\t\t\t\t\t<\/div>\n\t\t\t\t<\/div>\n\t\t\t\t\t<\/div>\n\t\t<\/div>\n\t\t\t\t\t<\/div>\n\t\t<\/section>\n\t\t\t\t<section class=\"elementor-section elementor-top-section elementor-element elementor-element-92cab7d elementor-section-full_width elementor-section-stretched elementor-section-height-default elementor-section-height-default\" data-id=\"92cab7d\" data-element_type=\"section\" data-e-type=\"section\" data-settings=\"{&quot;stretch_section&quot;:&quot;section-stretched&quot;,&quot;background_background&quot;:&quot;slideshow&quot;,&quot;background_slideshow_gallery&quot;:[{&quot;id&quot;:8051,&quot;url&quot;:&quot;https:\\/\\/ml2durraw9il.i.optimole.com\\/w:auto\\/h:auto\\/q:mauto\\/ig:avif\\/https:\\/\\/www.spaziolunatici.art\\/wp-content\\/uploads\\/2024\\/01\\/cavedio.gif&quot;}],&quot;background_slideshow_loop&quot;:&quot;yes&quot;,&quot;background_slideshow_slide_duration&quot;:5000,&quot;background_slideshow_slide_transition&quot;:&quot;fade&quot;,&quot;background_slideshow_transition_duration&quot;:500}\">\n\t\t\t\t\t\t\t<div class=\"elementor-background-overlay\"><\/div>\n\t\t\t\t\t\t\t<div class=\"elementor-container elementor-column-gap-default\">\n\t\t\t\t\t<div class=\"elementor-column elementor-col-100 elementor-top-column elementor-element elementor-element-637cac1\" data-id=\"637cac1\" data-element_type=\"column\" data-e-type=\"column\">\n\t\t\t<div class=\"elementor-widget-wrap elementor-element-populated\">\n\t\t\t\t\t\t<div class=\"elementor-element elementor-element-5f90a15 elementor-widget elementor-widget-spacer\" data-id=\"5f90a15\" data-element_type=\"widget\" data-e-type=\"widget\" data-widget_type=\"spacer.default\">\n\t\t\t\t<div class=\"elementor-widget-container\">\n\t\t\t\t\t\t\t<div class=\"elementor-spacer\">\n\t\t\t<div class=\"elementor-spacer-inner\"><\/div>\n\t\t<\/div>\n\t\t\t\t\t\t<\/div>\n\t\t\t\t<\/div>\n\t\t\t\t<div class=\"elementor-element elementor-element-bac9830 elementor-invisible elementor-widget elementor-widget-heading\" data-id=\"bac9830\" data-element_type=\"widget\" data-e-type=\"widget\" data-settings=\"{&quot;_animation&quot;:&quot;bounceIn&quot;}\" data-widget_type=\"heading.default\">\n\t\t\t\t<div class=\"elementor-widget-container\">\n\t\t\t\t\t<h2 class=\"elementor-heading-title elementor-size-default\">Vuoi visitare il mio studio?<\/h2>\t\t\t\t<\/div>\n\t\t\t\t<\/div>\n\t\t\t\t<div class=\"elementor-element elementor-element-c42e064 elementor-align-center elementor-invisible elementor-widget elementor-widget-button\" data-id=\"c42e064\" data-element_type=\"widget\" data-e-type=\"widget\" data-settings=\"{&quot;_animation&quot;:&quot;bounceIn&quot;}\" data-widget_type=\"button.default\">\n\t\t\t\t<div class=\"elementor-widget-container\">\n\t\t\t\t\t\t\t\t\t<div class=\"elementor-button-wrapper\">\n\t\t\t\t\t<a class=\"elementor-button elementor-button-link elementor-size-xl\" href=\"https:\/\/www.spaziolunatici.art\/contatti\" target=\"_blank\">\n\t\t\t\t\t\t<span class=\"elementor-button-content-wrapper\">\n\t\t\t\t\t\t\t\t\t<span class=\"elementor-button-text\"> PRENDI UN APPUNTAMENTO<\/span>\n\t\t\t\t\t<\/span>\n\t\t\t\t\t<\/a>\n\t\t\t\t<\/div>\n\t\t\t\t\t\t\t\t<\/div>\n\t\t\t\t<\/div>\n\t\t\t\t<div class=\"elementor-element elementor-element-65cd4d0 elementor-widget elementor-widget-spacer\" data-id=\"65cd4d0\" data-element_type=\"widget\" data-e-type=\"widget\" data-widget_type=\"spacer.default\">\n\t\t\t\t<div class=\"elementor-widget-container\">\n\t\t\t\t\t\t\t<div class=\"elementor-spacer\">\n\t\t\t<div class=\"elementor-spacer-inner\"><\/div>\n\t\t<\/div>\n\t\t\t\t\t\t<\/div>\n\t\t\t\t<\/div>\n\t\t\t\t\t<\/div>\n\t\t<\/div>\n\t\t\t\t\t<\/div>\n\t\t<\/section>\n\t\t\t\t<\/div>\n\t\t","protected":false},"excerpt":{"rendered":"<p>ART \u00c0 PORTER &#8220;Uno dei compiti principali dell&#8217;arte \u00e8 sempre stato quello di creare esigenze che al momento non \u00e8 in grado di soddisfare&#8221;, diceva il filosofo Walter Benjamin. Io invece penso che sia sempre possibile soddisfare la propria esigenza di bellezza e di arte, per esempio acquistando un&#8217;opera: E&#8217; l&#8217;unico modo per far s\u00ec<a class=\"more-link\" href=\"https:\/\/www.spaziolunatici.art\/en\/art-a-porter\/\">Read more  &#10230;<\/a><\/p>","protected":false},"author":1,"featured_media":0,"parent":0,"menu_order":0,"comment_status":"closed","ping_status":"closed","template":"","meta":{"inline_featured_image":false,"footnotes":""},"class_list":["post-8490","page","type-page","status-publish","hentry"],"yoast_head":"<!-- This site is optimized with the Yoast SEO plugin v27.3 - https:\/\/yoast.com\/product\/yoast-seo-wordpress\/ -->\n<title>Art \u00e0 porter e Monotipi | Spazio LUNATICI<\/title>\n<meta name=\"description\" content=\"Spazio LUNATICI, Art \u00e0 porter e Monotipi in esposizione permanente di Gerri Lunatici. Studio in via marchesi 26\/b, Parma. Visite su appuntamento.\" \/>\n<meta name=\"robots\" content=\"index, follow, max-snippet:-1, max-image-preview:large, max-video-preview:-1\" \/>\n<link rel=\"canonical\" href=\"https:\/\/www.spaziolunatici.art\/en\/art-a-porter\/\" \/>\n<meta property=\"og:locale\" content=\"en_US\" \/>\n<meta property=\"og:type\" content=\"article\" \/>\n<meta property=\"og:title\" content=\"Art \u00e0 porter e Monotipi | Spazio LUNATICI a Parma\" \/>\n<meta property=\"og:description\" content=\"Spazio LUNATICI, Art \u00e0 porter e Monotipi in esposizione permanente di Gerri Lunatici. Studio in via marchesi 26\/b, Parma. Visite su appuntamento.\" \/>\n<meta property=\"og:url\" content=\"https:\/\/www.spaziolunatici.art\/en\/art-a-porter\/\" \/>\n<meta property=\"og:site_name\" content=\"Spazio LUNATICI\" \/>\n<meta property=\"article:modified_time\" content=\"2024-11-23T13:17:53+00:00\" \/>\n<meta property=\"og:image\" content=\"https:\/\/ml2durraw9il.i.optimole.com\/w:auto\/h:auto\/q:mauto\/ig:avif\/https:\/\/www.spaziolunatici.art\/wp-content\/uploads\/2024\/01\/ape-1.png\" \/>\n\t<meta property=\"og:image:width\" content=\"702\" \/>\n\t<meta property=\"og:image:height\" content=\"544\" \/>\n\t<meta property=\"og:image:type\" content=\"image\/png\" \/>\n<meta name=\"twitter:card\" content=\"summary_large_image\" \/>\n<script type=\"application\/ld+json\" class=\"yoast-schema-graph\">{\"@context\":\"https:\\\/\\\/schema.org\",\"@graph\":[{\"@type\":\"WebPage\",\"@id\":\"https:\\\/\\\/www.spaziolunatici.art\\\/art-a-porter\\\/\",\"url\":\"https:\\\/\\\/www.spaziolunatici.art\\\/art-a-porter\\\/\",\"name\":\"Art \u00e0 porter e Monotipi | Spazio LUNATICI\",\"isPartOf\":{\"@id\":\"https:\\\/\\\/www.spaziolunatici.art\\\/#website\"},\"datePublished\":\"2024-01-26T16:11:49+00:00\",\"dateModified\":\"2024-11-23T13:17:53+00:00\",\"description\":\"Spazio LUNATICI, Art \u00e0 porter e Monotipi in esposizione permanente di Gerri Lunatici. Studio in via marchesi 26\\\/b, Parma. Visite su appuntamento.\",\"breadcrumb\":{\"@id\":\"https:\\\/\\\/www.spaziolunatici.art\\\/art-a-porter\\\/#breadcrumb\"},\"inLanguage\":\"en-US\",\"potentialAction\":[{\"@type\":\"ReadAction\",\"target\":[\"https:\\\/\\\/www.spaziolunatici.art\\\/art-a-porter\\\/\"]}]},{\"@type\":\"BreadcrumbList\",\"@id\":\"https:\\\/\\\/www.spaziolunatici.art\\\/art-a-porter\\\/#breadcrumb\",\"itemListElement\":[{\"@type\":\"ListItem\",\"position\":1,\"name\":\"Home\",\"item\":\"https:\\\/\\\/www.spaziolunatici.art\\\/\"},{\"@type\":\"ListItem\",\"position\":2,\"name\":\"Art a porter\"}]},{\"@type\":\"WebSite\",\"@id\":\"https:\\\/\\\/www.spaziolunatici.art\\\/#website\",\"url\":\"https:\\\/\\\/www.spaziolunatici.art\\\/\",\"name\":\"Spazio LUNATICI\",\"description\":\"Art Working Studio\",\"alternateName\":\"Art Working Studio\",\"potentialAction\":[{\"@type\":\"SearchAction\",\"target\":{\"@type\":\"EntryPoint\",\"urlTemplate\":\"https:\\\/\\\/www.spaziolunatici.art\\\/?s={search_term_string}\"},\"query-input\":{\"@type\":\"PropertyValueSpecification\",\"valueRequired\":true,\"valueName\":\"search_term_string\"}}],\"inLanguage\":\"en-US\"}]}<\/script>\n<!-- \/ Yoast SEO plugin. -->","yoast_head_json":{"title":"Art \u00e0 porter e Monotipi | Spazio LUNATICI","description":"Spazio LUNATICI, Art \u00e0 porter e Monotipi in esposizione permanente di Gerri Lunatici. Studio in via marchesi 26\/b, Parma. Visite su appuntamento.","robots":{"index":"index","follow":"follow","max-snippet":"max-snippet:-1","max-image-preview":"max-image-preview:large","max-video-preview":"max-video-preview:-1"},"canonical":"https:\/\/www.spaziolunatici.art\/en\/art-a-porter\/","og_locale":"en_US","og_type":"article","og_title":"Art \u00e0 porter e Monotipi | Spazio LUNATICI a Parma","og_description":"Spazio LUNATICI, Art \u00e0 porter e Monotipi in esposizione permanente di Gerri Lunatici. Studio in via marchesi 26\/b, Parma. Visite su appuntamento.","og_url":"https:\/\/www.spaziolunatici.art\/en\/art-a-porter\/","og_site_name":"Spazio LUNATICI","article_modified_time":"2024-11-23T13:17:53+00:00","og_image":[{"width":702,"height":544,"url":"https:\/\/ml2durraw9il.i.optimole.com\/w:auto\/h:auto\/q:mauto\/ig:avif\/https:\/\/www.spaziolunatici.art\/wp-content\/uploads\/2024\/01\/ape-1.png","type":"image\/png"}],"twitter_card":"summary_large_image","schema":{"@context":"https:\/\/schema.org","@graph":[{"@type":"WebPage","@id":"https:\/\/www.spaziolunatici.art\/art-a-porter\/","url":"https:\/\/www.spaziolunatici.art\/art-a-porter\/","name":"Art \u00e0 porter e Monotipi | Spazio LUNATICI","isPartOf":{"@id":"https:\/\/www.spaziolunatici.art\/#website"},"datePublished":"2024-01-26T16:11:49+00:00","dateModified":"2024-11-23T13:17:53+00:00","description":"Spazio LUNATICI, Art \u00e0 porter e Monotipi in esposizione permanente di Gerri Lunatici. Studio in via marchesi 26\/b, Parma. Visite su appuntamento.","breadcrumb":{"@id":"https:\/\/www.spaziolunatici.art\/art-a-porter\/#breadcrumb"},"inLanguage":"en-US","potentialAction":[{"@type":"ReadAction","target":["https:\/\/www.spaziolunatici.art\/art-a-porter\/"]}]},{"@type":"BreadcrumbList","@id":"https:\/\/www.spaziolunatici.art\/art-a-porter\/#breadcrumb","itemListElement":[{"@type":"ListItem","position":1,"name":"Home","item":"https:\/\/www.spaziolunatici.art\/"},{"@type":"ListItem","position":2,"name":"Art a porter"}]},{"@type":"WebSite","@id":"https:\/\/www.spaziolunatici.art\/#website","url":"https:\/\/www.spaziolunatici.art\/","name":"Spazio LUNATICI","description":"Art Working Studio","alternateName":"Art Working Studio","potentialAction":[{"@type":"SearchAction","target":{"@type":"EntryPoint","urlTemplate":"https:\/\/www.spaziolunatici.art\/?s={search_term_string}"},"query-input":{"@type":"PropertyValueSpecification","valueRequired":true,"valueName":"search_term_string"}}],"inLanguage":"en-US"}]}},"_links":{"self":[{"href":"https:\/\/www.spaziolunatici.art\/en\/wp-json\/wp\/v2\/pages\/8490","targetHints":{"allow":["GET"]}}],"collection":[{"href":"https:\/\/www.spaziolunatici.art\/en\/wp-json\/wp\/v2\/pages"}],"about":[{"href":"https:\/\/www.spaziolunatici.art\/en\/wp-json\/wp\/v2\/types\/page"}],"author":[{"embeddable":true,"href":"https:\/\/www.spaziolunatici.art\/en\/wp-json\/wp\/v2\/users\/1"}],"replies":[{"embeddable":true,"href":"https:\/\/www.spaziolunatici.art\/en\/wp-json\/wp\/v2\/comments?post=8490"}],"version-history":[{"count":43,"href":"https:\/\/www.spaziolunatici.art\/en\/wp-json\/wp\/v2\/pages\/8490\/revisions"}],"predecessor-version":[{"id":12414,"href":"https:\/\/www.spaziolunatici.art\/en\/wp-json\/wp\/v2\/pages\/8490\/revisions\/12414"}],"wp:attachment":[{"href":"https:\/\/www.spaziolunatici.art\/en\/wp-json\/wp\/v2\/media?parent=8490"}],"curies":[{"name":"wp","href":"https:\/\/api.w.org\/{rel}","templated":true}]}}